{"id":600,"date":"2023-11-16T09:40:35","date_gmt":"2023-11-16T14:40:35","guid":{"rendered":"https:\/\/racines.uqam.ca\/futures-etudiantes\/"},"modified":"2026-04-02T08:22:06","modified_gmt":"2026-04-02T12:22:06","slug":"futures-etudiantes","status":"publish","type":"page","link":"https:\/\/racines.uqam.ca\/en\/futures-etudiantes\/","title":{"rendered":"Director"},"content":{"rendered":"\n<p><strong>Catherine Herba<\/strong>, Ph.D.<\/p>\n\n\n\n<figure class=\"wp-block-image size-full\"><img loading=\"lazy\" decoding=\"async\" width=\"270\" height=\"360\" src=\"https:\/\/racines.uqam.ca\/wp-content\/uploads\/sites\/111\/2023\/11\/AeEXfVnDBq8_-2.jpg\" alt=\"\" class=\"wp-image-184\" srcset=\"https:\/\/racines.uqam.ca\/wp-content\/uploads\/sites\/111\/2023\/11\/AeEXfVnDBq8_-2.jpg 270w, https:\/\/racines.uqam.ca\/wp-content\/uploads\/sites\/111\/2023\/11\/AeEXfVnDBq8_-2-225x300.jpg 225w\" sizes=\"auto, (max-width: 270px) 100vw, 270px\" \/><\/figure>\n\n\n\n<p>Dr. Catherine Herba is a researcher at the CHU Sainte-Justine Azrieli Research Centre and a professor in the department of psychology at the Universit\u00e9 du Qu\u00e9bec \u00e0 Montr\u00e9al (UQ\u00c0M). She also holds a UQ\u00c0M Strategic Chair in Perinatal Mental Health and Family Well-Being. Her research program uses longitudinal and experimental studies to examine children&#8217;s emotional development. Her research covers various aspects of emotional development, including facial expression recognition and emotional and behavioural difficulties. Dr. Herba is particularly interested in the influence of early life factors (maternal mental health, brain development)\u00a0and their influence on the emotional development of children and adolescents.<\/p>\n\n\n\n<p><strong>Training<\/strong><\/p>\n\n\n\n<ul class=\"wp-block-list listecompact\">\n<li>Postdoctoral training, Erasmus University Medical Center, Department of Child and Adolescent Psychiatry, Rotterdam, Netherlands<\/li>\n\n\n\n<li>Postdoctoral training, Psychology and Neuroscience, King&#8217;s College London, Department of Psychiatry, UK<\/li>\n\n\n\n<li>Ph.D. in Psychology, Institute of Psychiatry, King&#8217;s College London, United Kingdom<\/li>\n\n\n\n<li>M.Sc. Psychology, Reading University, Reading, UK<\/li>\n\n\n\n<li>B.Sc. Psychology, McGill University, Montreal, Canada<\/li>\n<\/ul>\n\n\n\n<p><strong>Teaching<\/strong><\/p>\n\n\n\n<ul class=\"wp-block-list listecompact\">\n<li>PSY7101\u00a0: M\u00e9thodes de recherche exp\u00e9rimentale &amp; quasi-exp\u00e9rimentale<\/li>\n\n\n\n<li>PSY7107\u00a0: La r\u00e9daction scientifique aux \u00e9tudes avanc\u00e9es en psychologie<\/li>\n\n\n\n<li>PSY4903\u00a0: Atelier d&#8217;observation d&#8217;approche cognitive et comportementale<\/li>\n<\/ul>\n\n\n\n<p><strong>Awards and distinctions<\/strong><\/p>\n\n\n\n<ul class=\"wp-block-list listecompact\">\n<li>Scholar-Researcher (junior 1 and junior 2) &#8211; Fonds de Recherche du Qu\u00e9bec (Health, completed)<\/li>\n\n\n\n<li>Monique Gaumond Award for young researchers working on the theme of depression<\/li>\n<\/ul>\n\n\n\n<p><strong>Affiliations and research units<\/strong><\/p>\n\n\n\n<ul class=\"wp-block-list listecompact\">\n<li>Researcher, CHU Sainte-Justine Azrieli Research Centre<\/li>\n\n\n\n<li>Professor, department of psychology, Universit\u00e9 du Qu\u00e9bec \u00e0 Montr\u00e9al<\/li>\n\n\n\n<li>Associate Professor, Department of Psychiatry and Addictology,&nbsp;Universit\u00e9 de Montr\u00e9al<\/li>\n\n\n\n<li>Groupe de recherche sur l\u2019inadaptation psychosociale chez l\u2019enfant (GRIP)<\/li>\n\n\n\n<li>ODIS\u00c9 Network<\/li>\n\n\n\n<li>Institut Sant\u00e9 et soci\u00e9t\u00e9 (ISS)<\/li>\n\n\n\n<li>Centre de recherche en neurosciences (NeuroQAM)<\/li>\n<\/ul>\n\n\n\n<p><a href=\"https:\/\/www.researchgate.net\/profile\/Catherine-Herba\" target=\"_blank\" rel=\"noreferrer noopener\">ResearchGate<\/a><\/p>\n","protected":false},"excerpt":{"rendered":"<p>Catherine Herba, Ph.D. Dr. Catherine Herba is a researcher at the CHU Sainte-Justine Azrieli Research Centre and a professor in the department of psychology at the Universit\u00e9 du Qu\u00e9bec \u00e0 Montr\u00e9al (UQ\u00c0M). She also holds a UQ\u00c0M Strategic Chair in Perinatal Mental Health and Family Well-Being. Her research program uses longitudinal and experimental studies to [&hellip;]<\/p>\n","protected":false},"author":9,"featured_media":0,"parent":0,"menu_order":0,"comment_status":"closed","ping_status":"closed","template":"","meta":{"footnotes":""},"categories":[],"class_list":["post-600","page","type-page","status-publish","hentry"],"yoast_head":"<!-- This site is optimized with the Yoast SEO Premium plugin v27.4 (Yoast SEO v27.4) - https:\/\/yoast.com\/product\/yoast-seo-premium-wordpress\/ -->\n<title>Director | Labo RACINES : R\u00e9silience et sAnt\u00e9 psyChologique \u00e0 la p\u00e9riode p\u00e9rInatale, \u00e0 l\u2019enfaNce et l\u2019adolEScence | UQAM<\/title>\n<meta name=\"robots\" content=\"index, follow, max-snippet:-1, max-image-preview:large, max-video-preview:-1\" \/>\n<link rel=\"canonical\" href=\"https:\/\/racines.uqam.ca\/en\/futures-etudiantes\/\" \/>\n<meta property=\"og:locale\" content=\"en_US\" \/>\n<meta property=\"og:type\" content=\"article\" \/>\n<meta property=\"og:title\" content=\"Director\" \/>\n<meta property=\"og:description\" content=\"Catherine Herba, Ph.D. Dr. Catherine Herba is a researcher at the CHU Sainte-Justine Azrieli Research Centre and a professor in the department of psychology at the Universit\u00e9 du Qu\u00e9bec \u00e0 Montr\u00e9al (UQ\u00c0M). She also holds a UQ\u00c0M Strategic Chair in Perinatal Mental Health and Family Well-Being. Her research program uses longitudinal and experimental studies to [&hellip;]\" \/>\n<meta property=\"og:url\" content=\"https:\/\/racines.uqam.ca\/en\/futures-etudiantes\/\" \/>\n<meta property=\"og:site_name\" content=\"Labo RACINES : R\u00e9silience et sAnt\u00e9 psyChologique \u00e0 la p\u00e9riode p\u00e9rInatale, \u00e0 l\u2019enfaNce et l\u2019adolEScence\" \/>\n<meta property=\"article:modified_time\" content=\"2026-04-02T12:22:06+00:00\" \/>\n<meta property=\"og:image\" content=\"https:\/\/racines.uqam.ca\/wp-content\/uploads\/sites\/111\/2023\/11\/AeEXfVnDBq8_-2.jpg\" \/>\n\t<meta property=\"og:image:width\" content=\"270\" \/>\n\t<meta property=\"og:image:height\" content=\"360\" \/>\n\t<meta property=\"og:image:type\" content=\"image\/jpeg\" \/>\n<meta name=\"twitter:card\" content=\"summary_large_image\" \/>\n<meta name=\"twitter:label1\" content=\"Est. reading time\" \/>\n\t<meta name=\"twitter:data1\" content=\"2 minutes\" \/>\n<script type=\"application\/ld+json\" class=\"yoast-schema-graph\">{\"@context\":\"https:\\\/\\\/schema.org\",\"@graph\":[{\"@type\":\"WebPage\",\"@id\":\"https:\\\/\\\/racines.uqam.ca\\\/en\\\/futures-etudiantes\\\/\",\"url\":\"https:\\\/\\\/racines.uqam.ca\\\/en\\\/futures-etudiantes\\\/\",\"name\":\"Director | Labo RACINES : R\u00e9silience et sAnt\u00e9 psyChologique \u00e0 la p\u00e9riode p\u00e9rInatale, \u00e0 l\u2019enfaNce et l\u2019adolEScence | UQAM\",\"isPartOf\":{\"@id\":\"https:\\\/\\\/racines.uqam.ca\\\/#website\"},\"primaryImageOfPage\":{\"@id\":\"https:\\\/\\\/racines.uqam.ca\\\/en\\\/futures-etudiantes\\\/#primaryimage\"},\"image\":{\"@id\":\"https:\\\/\\\/racines.uqam.ca\\\/en\\\/futures-etudiantes\\\/#primaryimage\"},\"thumbnailUrl\":\"https:\\\/\\\/racines.uqam.ca\\\/wp-content\\\/uploads\\\/sites\\\/111\\\/2023\\\/11\\\/AeEXfVnDBq8_-2.jpg\",\"datePublished\":\"2023-11-16T14:40:35+00:00\",\"dateModified\":\"2026-04-02T12:22:06+00:00\",\"breadcrumb\":{\"@id\":\"https:\\\/\\\/racines.uqam.ca\\\/en\\\/futures-etudiantes\\\/#breadcrumb\"},\"inLanguage\":\"en-US\",\"potentialAction\":[{\"@type\":\"ReadAction\",\"target\":[\"https:\\\/\\\/racines.uqam.ca\\\/en\\\/futures-etudiantes\\\/\"]}]},{\"@type\":\"ImageObject\",\"inLanguage\":\"en-US\",\"@id\":\"https:\\\/\\\/racines.uqam.ca\\\/en\\\/futures-etudiantes\\\/#primaryimage\",\"url\":\"https:\\\/\\\/racines.uqam.ca\\\/wp-content\\\/uploads\\\/sites\\\/111\\\/2023\\\/11\\\/AeEXfVnDBq8_-2.jpg\",\"contentUrl\":\"https:\\\/\\\/racines.uqam.ca\\\/wp-content\\\/uploads\\\/sites\\\/111\\\/2023\\\/11\\\/AeEXfVnDBq8_-2.jpg\"},{\"@type\":\"BreadcrumbList\",\"@id\":\"https:\\\/\\\/racines.uqam.ca\\\/en\\\/futures-etudiantes\\\/#breadcrumb\",\"itemListElement\":[{\"@type\":\"ListItem\",\"position\":1,\"name\":\"UQAM\",\"item\":\"https:\\\/\\\/uqam.ca\"},{\"@type\":\"ListItem\",\"position\":2,\"name\":\"Labo RACINES\",\"item\":\"https:\\\/\\\/racines.uqam.ca\\\/en\\\/\"},{\"@type\":\"ListItem\",\"position\":3,\"name\":\"Director\"}]},{\"@type\":\"WebSite\",\"@id\":\"https:\\\/\\\/racines.uqam.ca\\\/#website\",\"url\":\"https:\\\/\\\/racines.uqam.ca\\\/\",\"name\":\"Labo RACINES : R\u00e9silience et sAnt\u00e9 psyChologique \u00e0 la p\u00e9riode p\u00e9rInatale, \u00e0 l\u2019enfaNce et l\u2019adolEScence\",\"description\":\"\",\"publisher\":{\"@id\":\"https:\\\/\\\/racines.uqam.ca\\\/#organization\"},\"potentialAction\":[{\"@type\":\"SearchAction\",\"target\":{\"@type\":\"EntryPoint\",\"urlTemplate\":\"https:\\\/\\\/racines.uqam.ca\\\/en\\\/\\\/recherche\\\/?q={search_term_string}\"},\"query-input\":{\"@type\":\"PropertyValueSpecification\",\"valueRequired\":true,\"valueName\":\"search_term_string\"}}],\"inLanguage\":\"en-US\",\"alternateName\":\"Labo RACINES\"},{\"@type\":\"Organization\",\"@id\":\"https:\\\/\\\/racines.uqam.ca\\\/#organization\",\"name\":\"Labo RACINES\",\"url\":\"https:\\\/\\\/racines.uqam.ca\\\/\",\"logo\":{\"@type\":\"ImageObject\",\"inLanguage\":\"en-US\",\"@id\":\"https:\\\/\\\/racines.uqam.ca\\\/#\\\/schema\\\/logo\\\/image\\\/\",\"url\":\"https:\\\/\\\/gabarit-adaptatif.uqam.ca\\\/statique\\\/images\\\/logo-uqam.jpg\",\"contentUrl\":\"\",\"caption\":\"Labo RACINES\"},\"image\":{\"@id\":\"https:\\\/\\\/racines.uqam.ca\\\/#\\\/schema\\\/logo\\\/image\\\/\"},\"alternateName\":\"Labo RACINES\",\"parentOrganization\":{\"@type\":\"EducationalOrganization\",\"@id\":\"https:\\\/\\\/uqam.ca\\\/#organization\",\"name\":\"Universit\u00e9 du Qu\u00e9bec \u00e0 Montr\u00e9al\",\"url\":\"https:\\\/\\\/uqam.ca\",\"alternateName\":\"UQAM\",\"logo\":\"https:\\\/\\\/gabarit-adaptatif.uqam.ca\\\/statique\\\/images\\\/logo-uqam.jpg\"}}]}<\/script>\n<!-- \/ Yoast SEO Premium plugin. -->","yoast_head_json":{"title":"Director | Labo RACINES : R\u00e9silience et sAnt\u00e9 psyChologique \u00e0 la p\u00e9riode p\u00e9rInatale, \u00e0 l\u2019enfaNce et l\u2019adolEScence | UQAM","robots":{"index":"index","follow":"follow","max-snippet":"max-snippet:-1","max-image-preview":"max-image-preview:large","max-video-preview":"max-video-preview:-1"},"canonical":"https:\/\/racines.uqam.ca\/en\/futures-etudiantes\/","og_locale":"en_US","og_type":"article","og_title":"Director","og_description":"Catherine Herba, Ph.D. Dr. Catherine Herba is a researcher at the CHU Sainte-Justine Azrieli Research Centre and a professor in the department of psychology at the Universit\u00e9 du Qu\u00e9bec \u00e0 Montr\u00e9al (UQ\u00c0M). She also holds a UQ\u00c0M Strategic Chair in Perinatal Mental Health and Family Well-Being. Her research program uses longitudinal and experimental studies to [&hellip;]","og_url":"https:\/\/racines.uqam.ca\/en\/futures-etudiantes\/","og_site_name":"Labo RACINES : R\u00e9silience et sAnt\u00e9 psyChologique \u00e0 la p\u00e9riode p\u00e9rInatale, \u00e0 l\u2019enfaNce et l\u2019adolEScence","article_modified_time":"2026-04-02T12:22:06+00:00","og_image":[{"width":270,"height":360,"url":"https:\/\/racines.uqam.ca\/wp-content\/uploads\/sites\/111\/2023\/11\/AeEXfVnDBq8_-2.jpg","type":"image\/jpeg"}],"twitter_card":"summary_large_image","twitter_misc":{"Est. reading time":"2 minutes"},"schema":{"@context":"https:\/\/schema.org","@graph":[{"@type":"WebPage","@id":"https:\/\/racines.uqam.ca\/en\/futures-etudiantes\/","url":"https:\/\/racines.uqam.ca\/en\/futures-etudiantes\/","name":"Director | Labo RACINES : R\u00e9silience et sAnt\u00e9 psyChologique \u00e0 la p\u00e9riode p\u00e9rInatale, \u00e0 l\u2019enfaNce et l\u2019adolEScence | UQAM","isPartOf":{"@id":"https:\/\/racines.uqam.ca\/#website"},"primaryImageOfPage":{"@id":"https:\/\/racines.uqam.ca\/en\/futures-etudiantes\/#primaryimage"},"image":{"@id":"https:\/\/racines.uqam.ca\/en\/futures-etudiantes\/#primaryimage"},"thumbnailUrl":"https:\/\/racines.uqam.ca\/wp-content\/uploads\/sites\/111\/2023\/11\/AeEXfVnDBq8_-2.jpg","datePublished":"2023-11-16T14:40:35+00:00","dateModified":"2026-04-02T12:22:06+00:00","breadcrumb":{"@id":"https:\/\/racines.uqam.ca\/en\/futures-etudiantes\/#breadcrumb"},"inLanguage":"en-US","potentialAction":[{"@type":"ReadAction","target":["https:\/\/racines.uqam.ca\/en\/futures-etudiantes\/"]}]},{"@type":"ImageObject","inLanguage":"en-US","@id":"https:\/\/racines.uqam.ca\/en\/futures-etudiantes\/#primaryimage","url":"https:\/\/racines.uqam.ca\/wp-content\/uploads\/sites\/111\/2023\/11\/AeEXfVnDBq8_-2.jpg","contentUrl":"https:\/\/racines.uqam.ca\/wp-content\/uploads\/sites\/111\/2023\/11\/AeEXfVnDBq8_-2.jpg"},{"@type":"BreadcrumbList","@id":"https:\/\/racines.uqam.ca\/en\/futures-etudiantes\/#breadcrumb","itemListElement":[{"@type":"ListItem","position":1,"name":"UQAM","item":"https:\/\/uqam.ca"},{"@type":"ListItem","position":2,"name":"Labo RACINES","item":"https:\/\/racines.uqam.ca\/en\/"},{"@type":"ListItem","position":3,"name":"Director"}]},{"@type":"WebSite","@id":"https:\/\/racines.uqam.ca\/#website","url":"https:\/\/racines.uqam.ca\/","name":"Labo RACINES : R\u00e9silience et sAnt\u00e9 psyChologique \u00e0 la p\u00e9riode p\u00e9rInatale, \u00e0 l\u2019enfaNce et l\u2019adolEScence","description":"","publisher":{"@id":"https:\/\/racines.uqam.ca\/#organization"},"potentialAction":[{"@type":"SearchAction","target":{"@type":"EntryPoint","urlTemplate":"https:\/\/racines.uqam.ca\/en\/\/recherche\/?q={search_term_string}"},"query-input":{"@type":"PropertyValueSpecification","valueRequired":true,"valueName":"search_term_string"}}],"inLanguage":"en-US","alternateName":"Labo RACINES"},{"@type":"Organization","@id":"https:\/\/racines.uqam.ca\/#organization","name":"Labo RACINES","url":"https:\/\/racines.uqam.ca\/","logo":{"@type":"ImageObject","inLanguage":"en-US","@id":"https:\/\/racines.uqam.ca\/#\/schema\/logo\/image\/","url":"https:\/\/gabarit-adaptatif.uqam.ca\/statique\/images\/logo-uqam.jpg","contentUrl":"","caption":"Labo RACINES"},"image":{"@id":"https:\/\/racines.uqam.ca\/#\/schema\/logo\/image\/"},"alternateName":"Labo RACINES","parentOrganization":{"@type":"EducationalOrganization","@id":"https:\/\/uqam.ca\/#organization","name":"Universit\u00e9 du Qu\u00e9bec \u00e0 Montr\u00e9al","url":"https:\/\/uqam.ca","alternateName":"UQAM","logo":"https:\/\/gabarit-adaptatif.uqam.ca\/statique\/images\/logo-uqam.jpg"}}]}},"_links":{"self":[{"href":"https:\/\/racines.uqam.ca\/en\/wp-json\/wp\/v2\/pages\/600","targetHints":{"allow":["GET"]}}],"collection":[{"href":"https:\/\/racines.uqam.ca\/en\/wp-json\/wp\/v2\/pages"}],"about":[{"href":"https:\/\/racines.uqam.ca\/en\/wp-json\/wp\/v2\/types\/page"}],"author":[{"embeddable":true,"href":"https:\/\/racines.uqam.ca\/en\/wp-json\/wp\/v2\/users\/9"}],"replies":[{"embeddable":true,"href":"https:\/\/racines.uqam.ca\/en\/wp-json\/wp\/v2\/comments?post=600"}],"version-history":[{"count":9,"href":"https:\/\/racines.uqam.ca\/en\/wp-json\/wp\/v2\/pages\/600\/revisions"}],"predecessor-version":[{"id":1090,"href":"https:\/\/racines.uqam.ca\/en\/wp-json\/wp\/v2\/pages\/600\/revisions\/1090"}],"wp:attachment":[{"href":"https:\/\/racines.uqam.ca\/en\/wp-json\/wp\/v2\/media?parent=600"}],"wp:term":[{"taxonomy":"category","embeddable":true,"href":"https:\/\/racines.uqam.ca\/en\/wp-json\/wp\/v2\/categories?post=600"}],"curies":[{"name":"wp","href":"https:\/\/api.w.org\/{rel}","templated":true}]}}