{"id":607,"date":"2023-11-16T09:40:59","date_gmt":"2023-11-16T14:40:59","guid":{"rendered":"https:\/\/racines.uqam.ca\/doctorat\/"},"modified":"2025-12-05T16:45:48","modified_gmt":"2025-12-05T21:45:48","slug":"doctorat","status":"publish","type":"page","link":"https:\/\/racines.uqam.ca\/en\/doctorat\/","title":{"rendered":"Research staff"},"content":{"rendered":"\n<div class=\"wp-block-media-text alignwide is-stacked-on-mobile\" style=\"grid-template-columns:27% auto\"><figure class=\"wp-block-media-text__media\"><img loading=\"lazy\" decoding=\"async\" width=\"532\" height=\"1024\" src=\"https:\/\/racines.uqam.ca\/wp-content\/uploads\/sites\/111\/2023\/12\/Josee-Poirier_photo-532x1024.jpg\" alt=\"\" class=\"wp-image-404 size-full\" srcset=\"https:\/\/racines.uqam.ca\/wp-content\/uploads\/sites\/111\/2023\/12\/Josee-Poirier_photo-532x1024.jpg 532w, https:\/\/racines.uqam.ca\/wp-content\/uploads\/sites\/111\/2023\/12\/Josee-Poirier_photo-156x300.jpg 156w, https:\/\/racines.uqam.ca\/wp-content\/uploads\/sites\/111\/2023\/12\/Josee-Poirier_photo-768x1479.jpg 768w, https:\/\/racines.uqam.ca\/wp-content\/uploads\/sites\/111\/2023\/12\/Josee-Poirier_photo-798x1536.jpg 798w, https:\/\/racines.uqam.ca\/wp-content\/uploads\/sites\/111\/2023\/12\/Josee-Poirier_photo-1064x2048.jpg 1064w, https:\/\/racines.uqam.ca\/wp-content\/uploads\/sites\/111\/2023\/12\/Josee-Poirier_photo-scaled.jpg 1330w\" sizes=\"auto, (max-width: 532px) 100vw, 532px\" \/><\/figure><div class=\"wp-block-media-text__content\">\n<p><strong>Jos\u00e9e Poirier<\/strong><\/p>\n\n\n\n<ul class=\"wp-block-list\">\n<li>Research coordinator at the CHU Sainte-Justine Azrieli Research Centre<\/li>\n<\/ul>\n<\/div><\/div>\n","protected":false},"excerpt":{"rendered":"","protected":false},"author":9,"featured_media":0,"parent":0,"menu_order":0,"comment_status":"closed","ping_status":"closed","template":"","meta":{"footnotes":""},"categories":[],"class_list":["post-607","page","type-page","status-publish","hentry"],"yoast_head":"<!-- This site is optimized with the Yoast SEO Premium plugin v27.4 (Yoast SEO v27.4) - https:\/\/yoast.com\/product\/yoast-seo-premium-wordpress\/ -->\n<title>Research staff | Labo RACINES : R\u00e9silience et sAnt\u00e9 psyChologique \u00e0 la p\u00e9riode p\u00e9rInatale, \u00e0 l\u2019enfaNce et l\u2019adolEScence | UQAM<\/title>\n<meta name=\"robots\" content=\"index, follow, max-snippet:-1, max-image-preview:large, max-video-preview:-1\" \/>\n<link rel=\"canonical\" href=\"https:\/\/racines.uqam.ca\/en\/doctorat\/\" \/>\n<meta property=\"og:locale\" content=\"en_US\" \/>\n<meta property=\"og:type\" content=\"article\" \/>\n<meta property=\"og:title\" content=\"Research staff\" \/>\n<meta property=\"og:url\" content=\"https:\/\/racines.uqam.ca\/en\/doctorat\/\" \/>\n<meta property=\"og:site_name\" content=\"Labo RACINES : R\u00e9silience et sAnt\u00e9 psyChologique \u00e0 la p\u00e9riode p\u00e9rInatale, \u00e0 l\u2019enfaNce et l\u2019adolEScence\" \/>\n<meta property=\"article:modified_time\" content=\"2025-12-05T21:45:48+00:00\" \/>\n<meta property=\"og:image\" content=\"https:\/\/racines.uqam.ca\/wp-content\/uploads\/sites\/111\/2023\/12\/Josee-Poirier_photo-scaled.jpg\" \/>\n\t<meta property=\"og:image:width\" content=\"1330\" \/>\n\t<meta property=\"og:image:height\" content=\"2560\" \/>\n\t<meta property=\"og:image:type\" content=\"image\/jpeg\" \/>\n<meta name=\"twitter:card\" content=\"summary_large_image\" \/>\n<meta name=\"twitter:label1\" content=\"Est. reading time\" \/>\n\t<meta name=\"twitter:data1\" content=\"1 minute\" \/>\n<script type=\"application\/ld+json\" class=\"yoast-schema-graph\">{\"@context\":\"https:\\\/\\\/schema.org\",\"@graph\":[{\"@type\":\"WebPage\",\"@id\":\"https:\\\/\\\/racines.uqam.ca\\\/en\\\/doctorat\\\/\",\"url\":\"https:\\\/\\\/racines.uqam.ca\\\/en\\\/doctorat\\\/\",\"name\":\"Research staff | Labo RACINES : R\u00e9silience et sAnt\u00e9 psyChologique \u00e0 la p\u00e9riode p\u00e9rInatale, \u00e0 l\u2019enfaNce et l\u2019adolEScence | UQAM\",\"isPartOf\":{\"@id\":\"https:\\\/\\\/racines.uqam.ca\\\/#website\"},\"primaryImageOfPage\":{\"@id\":\"https:\\\/\\\/racines.uqam.ca\\\/en\\\/doctorat\\\/#primaryimage\"},\"image\":{\"@id\":\"https:\\\/\\\/racines.uqam.ca\\\/en\\\/doctorat\\\/#primaryimage\"},\"thumbnailUrl\":\"https:\\\/\\\/racines.uqam.ca\\\/wp-content\\\/uploads\\\/sites\\\/111\\\/2023\\\/12\\\/Josee-Poirier_photo-532x1024.jpg\",\"datePublished\":\"2023-11-16T14:40:59+00:00\",\"dateModified\":\"2025-12-05T21:45:48+00:00\",\"breadcrumb\":{\"@id\":\"https:\\\/\\\/racines.uqam.ca\\\/en\\\/doctorat\\\/#breadcrumb\"},\"inLanguage\":\"en-US\",\"potentialAction\":[{\"@type\":\"ReadAction\",\"target\":[\"https:\\\/\\\/racines.uqam.ca\\\/en\\\/doctorat\\\/\"]}]},{\"@type\":\"ImageObject\",\"inLanguage\":\"en-US\",\"@id\":\"https:\\\/\\\/racines.uqam.ca\\\/en\\\/doctorat\\\/#primaryimage\",\"url\":\"https:\\\/\\\/racines.uqam.ca\\\/wp-content\\\/uploads\\\/sites\\\/111\\\/2023\\\/12\\\/Josee-Poirier_photo-532x1024.jpg\",\"contentUrl\":\"https:\\\/\\\/racines.uqam.ca\\\/wp-content\\\/uploads\\\/sites\\\/111\\\/2023\\\/12\\\/Josee-Poirier_photo-532x1024.jpg\"},{\"@type\":\"BreadcrumbList\",\"@id\":\"https:\\\/\\\/racines.uqam.ca\\\/en\\\/doctorat\\\/#breadcrumb\",\"itemListElement\":[{\"@type\":\"ListItem\",\"position\":1,\"name\":\"UQAM\",\"item\":\"https:\\\/\\\/uqam.ca\"},{\"@type\":\"ListItem\",\"position\":2,\"name\":\"Labo RACINES\",\"item\":\"https:\\\/\\\/racines.uqam.ca\\\/en\\\/\"},{\"@type\":\"ListItem\",\"position\":3,\"name\":\"Research staff\"}]},{\"@type\":\"WebSite\",\"@id\":\"https:\\\/\\\/racines.uqam.ca\\\/#website\",\"url\":\"https:\\\/\\\/racines.uqam.ca\\\/\",\"name\":\"Labo RACINES : R\u00e9silience et sAnt\u00e9 psyChologique \u00e0 la p\u00e9riode p\u00e9rInatale, \u00e0 l\u2019enfaNce et l\u2019adolEScence\",\"description\":\"\",\"publisher\":{\"@id\":\"https:\\\/\\\/racines.uqam.ca\\\/#organization\"},\"potentialAction\":[{\"@type\":\"SearchAction\",\"target\":{\"@type\":\"EntryPoint\",\"urlTemplate\":\"https:\\\/\\\/racines.uqam.ca\\\/en\\\/\\\/recherche\\\/?q={search_term_string}\"},\"query-input\":{\"@type\":\"PropertyValueSpecification\",\"valueRequired\":true,\"valueName\":\"search_term_string\"}}],\"inLanguage\":\"en-US\",\"alternateName\":\"Labo RACINES\"},{\"@type\":\"Organization\",\"@id\":\"https:\\\/\\\/racines.uqam.ca\\\/#organization\",\"name\":\"Labo RACINES\",\"url\":\"https:\\\/\\\/racines.uqam.ca\\\/\",\"logo\":{\"@type\":\"ImageObject\",\"inLanguage\":\"en-US\",\"@id\":\"https:\\\/\\\/racines.uqam.ca\\\/#\\\/schema\\\/logo\\\/image\\\/\",\"url\":\"https:\\\/\\\/gabarit-adaptatif.uqam.ca\\\/statique\\\/images\\\/logo-uqam.jpg\",\"contentUrl\":\"\",\"caption\":\"Labo RACINES\"},\"image\":{\"@id\":\"https:\\\/\\\/racines.uqam.ca\\\/#\\\/schema\\\/logo\\\/image\\\/\"},\"alternateName\":\"Labo RACINES\",\"parentOrganization\":{\"@type\":\"EducationalOrganization\",\"@id\":\"https:\\\/\\\/uqam.ca\\\/#organization\",\"name\":\"Universit\u00e9 du Qu\u00e9bec \u00e0 Montr\u00e9al\",\"url\":\"https:\\\/\\\/uqam.ca\",\"alternateName\":\"UQAM\",\"logo\":\"https:\\\/\\\/gabarit-adaptatif.uqam.ca\\\/statique\\\/images\\\/logo-uqam.jpg\"}}]}<\/script>\n<!-- \/ Yoast SEO Premium plugin. -->","yoast_head_json":{"title":"Research staff | Labo RACINES : R\u00e9silience et sAnt\u00e9 psyChologique \u00e0 la p\u00e9riode p\u00e9rInatale, \u00e0 l\u2019enfaNce et l\u2019adolEScence | UQAM","robots":{"index":"index","follow":"follow","max-snippet":"max-snippet:-1","max-image-preview":"max-image-preview:large","max-video-preview":"max-video-preview:-1"},"canonical":"https:\/\/racines.uqam.ca\/en\/doctorat\/","og_locale":"en_US","og_type":"article","og_title":"Research staff","og_url":"https:\/\/racines.uqam.ca\/en\/doctorat\/","og_site_name":"Labo RACINES : R\u00e9silience et sAnt\u00e9 psyChologique \u00e0 la p\u00e9riode p\u00e9rInatale, \u00e0 l\u2019enfaNce et l\u2019adolEScence","article_modified_time":"2025-12-05T21:45:48+00:00","og_image":[{"width":1330,"height":2560,"url":"https:\/\/racines.uqam.ca\/wp-content\/uploads\/sites\/111\/2023\/12\/Josee-Poirier_photo-scaled.jpg","type":"image\/jpeg"}],"twitter_card":"summary_large_image","twitter_misc":{"Est. reading time":"1 minute"},"schema":{"@context":"https:\/\/schema.org","@graph":[{"@type":"WebPage","@id":"https:\/\/racines.uqam.ca\/en\/doctorat\/","url":"https:\/\/racines.uqam.ca\/en\/doctorat\/","name":"Research staff | Labo RACINES : R\u00e9silience et sAnt\u00e9 psyChologique \u00e0 la p\u00e9riode p\u00e9rInatale, \u00e0 l\u2019enfaNce et l\u2019adolEScence | UQAM","isPartOf":{"@id":"https:\/\/racines.uqam.ca\/#website"},"primaryImageOfPage":{"@id":"https:\/\/racines.uqam.ca\/en\/doctorat\/#primaryimage"},"image":{"@id":"https:\/\/racines.uqam.ca\/en\/doctorat\/#primaryimage"},"thumbnailUrl":"https:\/\/racines.uqam.ca\/wp-content\/uploads\/sites\/111\/2023\/12\/Josee-Poirier_photo-532x1024.jpg","datePublished":"2023-11-16T14:40:59+00:00","dateModified":"2025-12-05T21:45:48+00:00","breadcrumb":{"@id":"https:\/\/racines.uqam.ca\/en\/doctorat\/#breadcrumb"},"inLanguage":"en-US","potentialAction":[{"@type":"ReadAction","target":["https:\/\/racines.uqam.ca\/en\/doctorat\/"]}]},{"@type":"ImageObject","inLanguage":"en-US","@id":"https:\/\/racines.uqam.ca\/en\/doctorat\/#primaryimage","url":"https:\/\/racines.uqam.ca\/wp-content\/uploads\/sites\/111\/2023\/12\/Josee-Poirier_photo-532x1024.jpg","contentUrl":"https:\/\/racines.uqam.ca\/wp-content\/uploads\/sites\/111\/2023\/12\/Josee-Poirier_photo-532x1024.jpg"},{"@type":"BreadcrumbList","@id":"https:\/\/racines.uqam.ca\/en\/doctorat\/#breadcrumb","itemListElement":[{"@type":"ListItem","position":1,"name":"UQAM","item":"https:\/\/uqam.ca"},{"@type":"ListItem","position":2,"name":"Labo RACINES","item":"https:\/\/racines.uqam.ca\/en\/"},{"@type":"ListItem","position":3,"name":"Research staff"}]},{"@type":"WebSite","@id":"https:\/\/racines.uqam.ca\/#website","url":"https:\/\/racines.uqam.ca\/","name":"Labo RACINES : R\u00e9silience et sAnt\u00e9 psyChologique \u00e0 la p\u00e9riode p\u00e9rInatale, \u00e0 l\u2019enfaNce et l\u2019adolEScence","description":"","publisher":{"@id":"https:\/\/racines.uqam.ca\/#organization"},"potentialAction":[{"@type":"SearchAction","target":{"@type":"EntryPoint","urlTemplate":"https:\/\/racines.uqam.ca\/en\/\/recherche\/?q={search_term_string}"},"query-input":{"@type":"PropertyValueSpecification","valueRequired":true,"valueName":"search_term_string"}}],"inLanguage":"en-US","alternateName":"Labo RACINES"},{"@type":"Organization","@id":"https:\/\/racines.uqam.ca\/#organization","name":"Labo RACINES","url":"https:\/\/racines.uqam.ca\/","logo":{"@type":"ImageObject","inLanguage":"en-US","@id":"https:\/\/racines.uqam.ca\/#\/schema\/logo\/image\/","url":"https:\/\/gabarit-adaptatif.uqam.ca\/statique\/images\/logo-uqam.jpg","contentUrl":"","caption":"Labo RACINES"},"image":{"@id":"https:\/\/racines.uqam.ca\/#\/schema\/logo\/image\/"},"alternateName":"Labo RACINES","parentOrganization":{"@type":"EducationalOrganization","@id":"https:\/\/uqam.ca\/#organization","name":"Universit\u00e9 du Qu\u00e9bec \u00e0 Montr\u00e9al","url":"https:\/\/uqam.ca","alternateName":"UQAM","logo":"https:\/\/gabarit-adaptatif.uqam.ca\/statique\/images\/logo-uqam.jpg"}}]}},"_links":{"self":[{"href":"https:\/\/racines.uqam.ca\/en\/wp-json\/wp\/v2\/pages\/607","targetHints":{"allow":["GET"]}}],"collection":[{"href":"https:\/\/racines.uqam.ca\/en\/wp-json\/wp\/v2\/pages"}],"about":[{"href":"https:\/\/racines.uqam.ca\/en\/wp-json\/wp\/v2\/types\/page"}],"author":[{"embeddable":true,"href":"https:\/\/racines.uqam.ca\/en\/wp-json\/wp\/v2\/users\/9"}],"replies":[{"embeddable":true,"href":"https:\/\/racines.uqam.ca\/en\/wp-json\/wp\/v2\/comments?post=607"}],"version-history":[{"count":3,"href":"https:\/\/racines.uqam.ca\/en\/wp-json\/wp\/v2\/pages\/607\/revisions"}],"predecessor-version":[{"id":1029,"href":"https:\/\/racines.uqam.ca\/en\/wp-json\/wp\/v2\/pages\/607\/revisions\/1029"}],"wp:attachment":[{"href":"https:\/\/racines.uqam.ca\/en\/wp-json\/wp\/v2\/media?parent=607"}],"wp:term":[{"taxonomy":"category","embeddable":true,"href":"https:\/\/racines.uqam.ca\/en\/wp-json\/wp\/v2\/categories?post=607"}],"curies":[{"name":"wp","href":"https:\/\/api.w.org\/{rel}","templated":true}]}}