{"id":617,"date":"2023-11-16T09:37:53","date_gmt":"2023-11-16T14:37:53","guid":{"rendered":"https:\/\/racines.uqam.ca\/accueil\/"},"modified":"2024-10-11T08:58:29","modified_gmt":"2024-10-11T12:58:29","slug":"accueil","status":"publish","type":"page","link":"https:\/\/racines.uqam.ca\/en\/","title":{"rendered":"Home"},"content":{"rendered":"\n<p>Welcome to the ROOTS LAB website!<\/p>\n\n\n\n<figure class=\"wp-block-image size-full is-resized\"><img loading=\"lazy\" decoding=\"async\" width=\"500\" height=\"600\" src=\"https:\/\/racines.uqam.ca\/wp-content\/uploads\/sites\/111\/2023\/11\/Logo_Labo-HERBA_Racines_FINAL-no-background-1.png\" alt=\"\" class=\"wp-image-219\" style=\"width:243px;height:292px\" srcset=\"https:\/\/racines.uqam.ca\/wp-content\/uploads\/sites\/111\/2023\/11\/Logo_Labo-HERBA_Racines_FINAL-no-background-1.png 500w, https:\/\/racines.uqam.ca\/wp-content\/uploads\/sites\/111\/2023\/11\/Logo_Labo-HERBA_Racines_FINAL-no-background-1-250x300.png 250w\" sizes=\"auto, (max-width: 500px) 100vw, 500px\" \/><\/figure>\n\n\n\n<p><strong>News<\/strong><\/p>\n\n\n\n<div class=\"wp-block-columns is-layout-flex wp-container-core-columns-is-layout-9d6595d7 wp-block-columns-is-layout-flex\">\n<div class=\"wp-block-column is-layout-flow wp-block-column-is-layout-flow\">\n<figure class=\"wp-block-image size-large\"><a href=\"https:\/\/www.chusj.org\/fr\/Calendrier-Salle-de-presse\/Salle-de-presse\/Actualites-\/2023\/Catherine-M-Herba-titulaire-de-la-Chaire-de-reche\" target=\"_blank\" rel=\"noreferrer noopener\"><img loading=\"lazy\" decoding=\"async\" width=\"1024\" height=\"327\" src=\"https:\/\/racines.uqam.ca\/wp-content\/uploads\/sites\/111\/2023\/12\/Screenshot-2023-12-01-at-11.33.24\u202fAM-e1701448519859-1024x327.png\" alt=\"\" class=\"wp-image-243\" srcset=\"https:\/\/racines.uqam.ca\/wp-content\/uploads\/sites\/111\/2023\/12\/Screenshot-2023-12-01-at-11.33.24\u202fAM-e1701448519859-1024x327.png 1024w, https:\/\/racines.uqam.ca\/wp-content\/uploads\/sites\/111\/2023\/12\/Screenshot-2023-12-01-at-11.33.24\u202fAM-e1701448519859-300x96.png 300w, https:\/\/racines.uqam.ca\/wp-content\/uploads\/sites\/111\/2023\/12\/Screenshot-2023-12-01-at-11.33.24\u202fAM-e1701448519859-768x245.png 768w, https:\/\/racines.uqam.ca\/wp-content\/uploads\/sites\/111\/2023\/12\/Screenshot-2023-12-01-at-11.33.24\u202fAM-e1701448519859.png 1461w\" sizes=\"auto, (max-width: 1024px) 100vw, 1024px\" \/><\/a><\/figure>\n<\/div>\n\n\n\n<div class=\"wp-block-column is-layout-flow wp-block-column-is-layout-flow\"><\/div>\n<\/div>\n\n\n\n<figure class=\"wp-block-image size-full is-resized\"><a href=\"https:\/\/www.facebook.com\/profile.php?id=61553337406130\" target=\"_blank\" rel=\"noreferrer noopener\"><img loading=\"lazy\" decoding=\"async\" width=\"980\" height=\"980\" src=\"https:\/\/racines.uqam.ca\/wp-content\/uploads\/sites\/111\/2023\/12\/facebook-logo-facebook-icon-free-free-vector.jpg\" alt=\"\" class=\"wp-image-238\" style=\"width:42px;height:42px\" srcset=\"https:\/\/racines.uqam.ca\/wp-content\/uploads\/sites\/111\/2023\/12\/facebook-logo-facebook-icon-free-free-vector.jpg 980w, https:\/\/racines.uqam.ca\/wp-content\/uploads\/sites\/111\/2023\/12\/facebook-logo-facebook-icon-free-free-vector-300x300.jpg 300w, https:\/\/racines.uqam.ca\/wp-content\/uploads\/sites\/111\/2023\/12\/facebook-logo-facebook-icon-free-free-vector-150x150.jpg 150w, https:\/\/racines.uqam.ca\/wp-content\/uploads\/sites\/111\/2023\/12\/facebook-logo-facebook-icon-free-free-vector-768x768.jpg 768w\" sizes=\"auto, (max-width: 980px) 100vw, 980px\" \/><\/a><\/figure>\n","protected":false},"excerpt":{"rendered":"<p>Welcome to the ROOTS LAB website! News<\/p>\n","protected":false},"author":9,"featured_media":0,"parent":0,"menu_order":0,"comment_status":"closed","ping_status":"closed","template":"","meta":{"footnotes":""},"categories":[],"class_list":["post-617","page","type-page","status-publish","hentry"],"yoast_head":"<!-- This site is optimized with the Yoast SEO Premium plugin v27.4 (Yoast SEO v27.4) - https:\/\/yoast.com\/product\/yoast-seo-premium-wordpress\/ -->\n<title>Home | Labo RACINES : R\u00e9silience et sAnt\u00e9 psyChologique \u00e0 la p\u00e9riode p\u00e9rInatale, \u00e0 l\u2019enfaNce et l\u2019adolEScence | UQAM<\/title>\n<meta name=\"robots\" content=\"index, follow, max-snippet:-1, max-image-preview:large, max-video-preview:-1\" \/>\n<link rel=\"canonical\" href=\"https:\/\/racines.uqam.ca\/en\/\" \/>\n<meta property=\"og:locale\" content=\"en_US\" \/>\n<meta property=\"og:type\" content=\"article\" \/>\n<meta property=\"og:title\" content=\"Home\" \/>\n<meta property=\"og:description\" content=\"Welcome to the ROOTS LAB website! News\" \/>\n<meta property=\"og:url\" content=\"https:\/\/racines.uqam.ca\/en\/\" \/>\n<meta property=\"og:site_name\" content=\"Labo RACINES : R\u00e9silience et sAnt\u00e9 psyChologique \u00e0 la p\u00e9riode p\u00e9rInatale, \u00e0 l\u2019enfaNce et l\u2019adolEScence\" \/>\n<meta property=\"article:modified_time\" content=\"2024-10-11T12:58:29+00:00\" \/>\n<meta property=\"og:image\" content=\"https:\/\/racines.uqam.ca\/wp-content\/uploads\/sites\/111\/2023\/11\/Logo_Labo-HERBA_Racines_FINAL-no-background-1.png\" \/>\n\t<meta property=\"og:image:width\" content=\"500\" \/>\n\t<meta property=\"og:image:height\" content=\"600\" \/>\n\t<meta property=\"og:image:type\" content=\"image\/png\" \/>\n<meta name=\"twitter:card\" content=\"summary_large_image\" \/>\n<meta name=\"twitter:label1\" content=\"Est. reading time\" \/>\n\t<meta name=\"twitter:data1\" content=\"1 minute\" \/>\n<script type=\"application\/ld+json\" class=\"yoast-schema-graph\">{\"@context\":\"https:\\\/\\\/schema.org\",\"@graph\":[{\"@type\":\"WebPage\",\"@id\":\"https:\\\/\\\/racines.uqam.ca\\\/en\\\/\",\"url\":\"https:\\\/\\\/racines.uqam.ca\\\/en\\\/\",\"name\":\"Home | Labo RACINES : R\u00e9silience et sAnt\u00e9 psyChologique \u00e0 la p\u00e9riode p\u00e9rInatale, \u00e0 l\u2019enfaNce et l\u2019adolEScence | UQAM\",\"isPartOf\":{\"@id\":\"https:\\\/\\\/racines.uqam.ca\\\/#website\"},\"primaryImageOfPage\":{\"@id\":\"https:\\\/\\\/racines.uqam.ca\\\/en\\\/#primaryimage\"},\"image\":{\"@id\":\"https:\\\/\\\/racines.uqam.ca\\\/en\\\/#primaryimage\"},\"thumbnailUrl\":\"https:\\\/\\\/racines.uqam.ca\\\/wp-content\\\/uploads\\\/sites\\\/111\\\/2023\\\/11\\\/Logo_Labo-HERBA_Racines_FINAL-no-background-1.png\",\"datePublished\":\"2023-11-16T14:37:53+00:00\",\"dateModified\":\"2024-10-11T12:58:29+00:00\",\"breadcrumb\":{\"@id\":\"https:\\\/\\\/racines.uqam.ca\\\/en\\\/#breadcrumb\"},\"inLanguage\":\"en-US\",\"potentialAction\":[{\"@type\":\"ReadAction\",\"target\":[\"https:\\\/\\\/racines.uqam.ca\\\/en\\\/\"]}]},{\"@type\":\"ImageObject\",\"inLanguage\":\"en-US\",\"@id\":\"https:\\\/\\\/racines.uqam.ca\\\/en\\\/#primaryimage\",\"url\":\"https:\\\/\\\/racines.uqam.ca\\\/wp-content\\\/uploads\\\/sites\\\/111\\\/2023\\\/11\\\/Logo_Labo-HERBA_Racines_FINAL-no-background-1.png\",\"contentUrl\":\"https:\\\/\\\/racines.uqam.ca\\\/wp-content\\\/uploads\\\/sites\\\/111\\\/2023\\\/11\\\/Logo_Labo-HERBA_Racines_FINAL-no-background-1.png\"},{\"@type\":\"BreadcrumbList\",\"@id\":\"https:\\\/\\\/racines.uqam.ca\\\/en\\\/#breadcrumb\",\"itemListElement\":[{\"@type\":\"ListItem\",\"position\":1,\"name\":\"UQAM\",\"item\":\"https:\\\/\\\/uqam.ca\"},{\"@type\":\"ListItem\",\"position\":2,\"name\":\"Labo RACINES\",\"item\":\"https:\\\/\\\/racines.uqam.ca\\\/en\\\/\"},{\"@type\":\"ListItem\",\"position\":3,\"name\":\"Home\"}]},{\"@type\":\"WebSite\",\"@id\":\"https:\\\/\\\/racines.uqam.ca\\\/#website\",\"url\":\"https:\\\/\\\/racines.uqam.ca\\\/\",\"name\":\"Labo RACINES : R\u00e9silience et sAnt\u00e9 psyChologique \u00e0 la p\u00e9riode p\u00e9rInatale, \u00e0 l\u2019enfaNce et l\u2019adolEScence\",\"description\":\"\",\"publisher\":{\"@id\":\"https:\\\/\\\/racines.uqam.ca\\\/#organization\"},\"potentialAction\":[{\"@type\":\"SearchAction\",\"target\":{\"@type\":\"EntryPoint\",\"urlTemplate\":\"https:\\\/\\\/racines.uqam.ca\\\/en\\\/\\\/recherche\\\/?q={search_term_string}\"},\"query-input\":{\"@type\":\"PropertyValueSpecification\",\"valueRequired\":true,\"valueName\":\"search_term_string\"}}],\"inLanguage\":\"en-US\",\"alternateName\":\"Labo RACINES\"},{\"@type\":\"Organization\",\"@id\":\"https:\\\/\\\/racines.uqam.ca\\\/#organization\",\"name\":\"Labo RACINES\",\"url\":\"https:\\\/\\\/racines.uqam.ca\\\/\",\"logo\":{\"@type\":\"ImageObject\",\"inLanguage\":\"en-US\",\"@id\":\"https:\\\/\\\/racines.uqam.ca\\\/#\\\/schema\\\/logo\\\/image\\\/\",\"url\":\"https:\\\/\\\/gabarit-adaptatif.uqam.ca\\\/statique\\\/images\\\/logo-uqam.jpg\",\"contentUrl\":\"\",\"caption\":\"Labo RACINES\"},\"image\":{\"@id\":\"https:\\\/\\\/racines.uqam.ca\\\/#\\\/schema\\\/logo\\\/image\\\/\"},\"alternateName\":\"Labo RACINES\",\"parentOrganization\":{\"@type\":\"EducationalOrganization\",\"@id\":\"https:\\\/\\\/uqam.ca\\\/#organization\",\"name\":\"Universit\u00e9 du Qu\u00e9bec \u00e0 Montr\u00e9al\",\"url\":\"https:\\\/\\\/uqam.ca\",\"alternateName\":\"UQAM\",\"logo\":\"https:\\\/\\\/gabarit-adaptatif.uqam.ca\\\/statique\\\/images\\\/logo-uqam.jpg\"}}]}<\/script>\n<!-- \/ Yoast SEO Premium plugin. -->","yoast_head_json":{"title":"Home | Labo RACINES : R\u00e9silience et sAnt\u00e9 psyChologique \u00e0 la p\u00e9riode p\u00e9rInatale, \u00e0 l\u2019enfaNce et l\u2019adolEScence | UQAM","robots":{"index":"index","follow":"follow","max-snippet":"max-snippet:-1","max-image-preview":"max-image-preview:large","max-video-preview":"max-video-preview:-1"},"canonical":"https:\/\/racines.uqam.ca\/en\/","og_locale":"en_US","og_type":"article","og_title":"Home","og_description":"Welcome to the ROOTS LAB website! News","og_url":"https:\/\/racines.uqam.ca\/en\/","og_site_name":"Labo RACINES : R\u00e9silience et sAnt\u00e9 psyChologique \u00e0 la p\u00e9riode p\u00e9rInatale, \u00e0 l\u2019enfaNce et l\u2019adolEScence","article_modified_time":"2024-10-11T12:58:29+00:00","og_image":[{"width":500,"height":600,"url":"https:\/\/racines.uqam.ca\/wp-content\/uploads\/sites\/111\/2023\/11\/Logo_Labo-HERBA_Racines_FINAL-no-background-1.png","type":"image\/png"}],"twitter_card":"summary_large_image","twitter_misc":{"Est. reading time":"1 minute"},"schema":{"@context":"https:\/\/schema.org","@graph":[{"@type":"WebPage","@id":"https:\/\/racines.uqam.ca\/en\/","url":"https:\/\/racines.uqam.ca\/en\/","name":"Home | Labo RACINES : R\u00e9silience et sAnt\u00e9 psyChologique \u00e0 la p\u00e9riode p\u00e9rInatale, \u00e0 l\u2019enfaNce et l\u2019adolEScence | UQAM","isPartOf":{"@id":"https:\/\/racines.uqam.ca\/#website"},"primaryImageOfPage":{"@id":"https:\/\/racines.uqam.ca\/en\/#primaryimage"},"image":{"@id":"https:\/\/racines.uqam.ca\/en\/#primaryimage"},"thumbnailUrl":"https:\/\/racines.uqam.ca\/wp-content\/uploads\/sites\/111\/2023\/11\/Logo_Labo-HERBA_Racines_FINAL-no-background-1.png","datePublished":"2023-11-16T14:37:53+00:00","dateModified":"2024-10-11T12:58:29+00:00","breadcrumb":{"@id":"https:\/\/racines.uqam.ca\/en\/#breadcrumb"},"inLanguage":"en-US","potentialAction":[{"@type":"ReadAction","target":["https:\/\/racines.uqam.ca\/en\/"]}]},{"@type":"ImageObject","inLanguage":"en-US","@id":"https:\/\/racines.uqam.ca\/en\/#primaryimage","url":"https:\/\/racines.uqam.ca\/wp-content\/uploads\/sites\/111\/2023\/11\/Logo_Labo-HERBA_Racines_FINAL-no-background-1.png","contentUrl":"https:\/\/racines.uqam.ca\/wp-content\/uploads\/sites\/111\/2023\/11\/Logo_Labo-HERBA_Racines_FINAL-no-background-1.png"},{"@type":"BreadcrumbList","@id":"https:\/\/racines.uqam.ca\/en\/#breadcrumb","itemListElement":[{"@type":"ListItem","position":1,"name":"UQAM","item":"https:\/\/uqam.ca"},{"@type":"ListItem","position":2,"name":"Labo RACINES","item":"https:\/\/racines.uqam.ca\/en\/"},{"@type":"ListItem","position":3,"name":"Home"}]},{"@type":"WebSite","@id":"https:\/\/racines.uqam.ca\/#website","url":"https:\/\/racines.uqam.ca\/","name":"Labo RACINES : R\u00e9silience et sAnt\u00e9 psyChologique \u00e0 la p\u00e9riode p\u00e9rInatale, \u00e0 l\u2019enfaNce et l\u2019adolEScence","description":"","publisher":{"@id":"https:\/\/racines.uqam.ca\/#organization"},"potentialAction":[{"@type":"SearchAction","target":{"@type":"EntryPoint","urlTemplate":"https:\/\/racines.uqam.ca\/en\/\/recherche\/?q={search_term_string}"},"query-input":{"@type":"PropertyValueSpecification","valueRequired":true,"valueName":"search_term_string"}}],"inLanguage":"en-US","alternateName":"Labo RACINES"},{"@type":"Organization","@id":"https:\/\/racines.uqam.ca\/#organization","name":"Labo RACINES","url":"https:\/\/racines.uqam.ca\/","logo":{"@type":"ImageObject","inLanguage":"en-US","@id":"https:\/\/racines.uqam.ca\/#\/schema\/logo\/image\/","url":"https:\/\/gabarit-adaptatif.uqam.ca\/statique\/images\/logo-uqam.jpg","contentUrl":"","caption":"Labo RACINES"},"image":{"@id":"https:\/\/racines.uqam.ca\/#\/schema\/logo\/image\/"},"alternateName":"Labo RACINES","parentOrganization":{"@type":"EducationalOrganization","@id":"https:\/\/uqam.ca\/#organization","name":"Universit\u00e9 du Qu\u00e9bec \u00e0 Montr\u00e9al","url":"https:\/\/uqam.ca","alternateName":"UQAM","logo":"https:\/\/gabarit-adaptatif.uqam.ca\/statique\/images\/logo-uqam.jpg"}}]}},"_links":{"self":[{"href":"https:\/\/racines.uqam.ca\/en\/wp-json\/wp\/v2\/pages\/617","targetHints":{"allow":["GET"]}}],"collection":[{"href":"https:\/\/racines.uqam.ca\/en\/wp-json\/wp\/v2\/pages"}],"about":[{"href":"https:\/\/racines.uqam.ca\/en\/wp-json\/wp\/v2\/types\/page"}],"author":[{"embeddable":true,"href":"https:\/\/racines.uqam.ca\/en\/wp-json\/wp\/v2\/users\/9"}],"replies":[{"embeddable":true,"href":"https:\/\/racines.uqam.ca\/en\/wp-json\/wp\/v2\/comments?post=617"}],"version-history":[{"count":6,"href":"https:\/\/racines.uqam.ca\/en\/wp-json\/wp\/v2\/pages\/617\/revisions"}],"predecessor-version":[{"id":892,"href":"https:\/\/racines.uqam.ca\/en\/wp-json\/wp\/v2\/pages\/617\/revisions\/892"}],"wp:attachment":[{"href":"https:\/\/racines.uqam.ca\/en\/wp-json\/wp\/v2\/media?parent=617"}],"wp:term":[{"taxonomy":"category","embeddable":true,"href":"https:\/\/racines.uqam.ca\/en\/wp-json\/wp\/v2\/categories?post=617"}],"curies":[{"name":"wp","href":"https:\/\/api.w.org\/{rel}","templated":true}]}}