{"id":688,"date":"2023-11-26T11:19:13","date_gmt":"2023-11-26T16:19:13","guid":{"rendered":"https:\/\/racines.uqam.ca\/toi-moi-bebe\/"},"modified":"2026-04-02T08:09:30","modified_gmt":"2026-04-02T12:09:30","slug":"toi-moi-bebe","status":"publish","type":"page","link":"https:\/\/racines.uqam.ca\/en\/toi-moi-bebe\/","title":{"rendered":"You, Me, Baby"},"content":{"rendered":"\n<p>For more information:\u00a0<a href=\"https:\/\/toimoibebe.ca\/en\/\" target=\"_blank\" rel=\"noreferrer noopener\">https:\/\/toimoibebe.ca\/en\/<\/a><\/p>\n\n\n\n<p>The You, Me, Baby course is an adaptation of the <a href=\"https:\/\/www.emb.health\/\" target=\"_blank\" rel=\"noreferrer noopener\">Mothers and Babies<\/a> program. The intervention was developed by an American research team (R. Mu\u00f1oz, H.N. Le, A. Barrera and D. Tandon). The French adaptation and translation were carried out by a team at the CHU Sainte-Justine Azrieli Research Centre (M. St-Andr\u00e9, J. B\u00e9land, T.C. Montreuil, C. M. Herba, V. Samson, M. Cl\u00e9ment), supervised by Dr. Sylvana C\u00f4t\u00e9.<\/p>\n\n\n\n<p>You, Me, Baby is a distance learning course designed to improve the well-being of future parents and their babies. The program provides access to an online self-help platform of modules offering cognitive-behavioral intervention.&nbsp;<\/p>\n\n\n\n<figure class=\"wp-block-image size-full is-resized\"><img loading=\"lazy\" decoding=\"async\" width=\"160\" height=\"160\" src=\"https:\/\/racines.uqam.ca\/wp-content\/uploads\/sites\/111\/2024\/05\/Logo_TMB_Rond_vert_EN-160.png\" alt=\"\" class=\"wp-image-694\" style=\"width:144px;height:144px\" srcset=\"https:\/\/racines.uqam.ca\/wp-content\/uploads\/sites\/111\/2024\/05\/Logo_TMB_Rond_vert_EN-160.png 160w, https:\/\/racines.uqam.ca\/wp-content\/uploads\/sites\/111\/2024\/05\/Logo_TMB_Rond_vert_EN-160-150x150.png 150w\" sizes=\"auto, (max-width: 160px) 100vw, 160px\" \/><\/figure>\n","protected":false},"excerpt":{"rendered":"<p>For more information:\u00a0https:\/\/toimoibebe.ca\/en\/ The You, Me, Baby course is an adaptation of the Mothers and Babies program. The intervention was developed by an American research team (R. Mu\u00f1oz, H.N. Le, A. Barrera and D. Tandon). The French adaptation and translation were carried out by a team at the CHU Sainte-Justine Azrieli Research Centre (M. St-Andr\u00e9, [&hellip;]<\/p>\n","protected":false},"author":440,"featured_media":0,"parent":0,"menu_order":0,"comment_status":"closed","ping_status":"closed","template":"","meta":{"footnotes":""},"categories":[],"class_list":["post-688","page","type-page","status-publish","hentry"],"yoast_head":"<!-- This site is optimized with the Yoast SEO Premium plugin v27.4 (Yoast SEO v27.4) - https:\/\/yoast.com\/product\/yoast-seo-premium-wordpress\/ -->\n<title>You, Me, Baby | Labo RACINES : R\u00e9silience et sAnt\u00e9 psyChologique \u00e0 la p\u00e9riode p\u00e9rInatale, \u00e0 l\u2019enfaNce et l\u2019adolEScence | UQAM<\/title>\n<meta name=\"robots\" content=\"index, follow, max-snippet:-1, max-image-preview:large, max-video-preview:-1\" \/>\n<link rel=\"canonical\" href=\"https:\/\/racines.uqam.ca\/en\/toi-moi-bebe\/\" \/>\n<meta property=\"og:locale\" content=\"en_US\" \/>\n<meta property=\"og:type\" content=\"article\" \/>\n<meta property=\"og:title\" content=\"You, Me, Baby\" \/>\n<meta property=\"og:description\" content=\"For more information:\u00a0https:\/\/toimoibebe.ca\/en\/ The You, Me, Baby course is an adaptation of the Mothers and Babies program. The intervention was developed by an American research team (R. Mu\u00f1oz, H.N. Le, A. Barrera and D. Tandon). The French adaptation and translation were carried out by a team at the CHU Sainte-Justine Azrieli Research Centre (M. St-Andr\u00e9, [&hellip;]\" \/>\n<meta property=\"og:url\" content=\"https:\/\/racines.uqam.ca\/en\/toi-moi-bebe\/\" \/>\n<meta property=\"og:site_name\" content=\"Labo RACINES : R\u00e9silience et sAnt\u00e9 psyChologique \u00e0 la p\u00e9riode p\u00e9rInatale, \u00e0 l\u2019enfaNce et l\u2019adolEScence\" \/>\n<meta property=\"article:modified_time\" content=\"2026-04-02T12:09:30+00:00\" \/>\n<meta property=\"og:image\" content=\"https:\/\/racines.uqam.ca\/wp-content\/uploads\/sites\/111\/2024\/05\/Logo_TMB_Rond_vert_EN-160.png\" \/>\n\t<meta property=\"og:image:width\" content=\"160\" \/>\n\t<meta property=\"og:image:height\" content=\"160\" \/>\n\t<meta property=\"og:image:type\" content=\"image\/png\" \/>\n<meta name=\"twitter:card\" content=\"summary_large_image\" \/>\n<meta name=\"twitter:label1\" content=\"Est. reading time\" \/>\n\t<meta name=\"twitter:data1\" content=\"1 minute\" \/>\n<script type=\"application\/ld+json\" class=\"yoast-schema-graph\">{\"@context\":\"https:\\\/\\\/schema.org\",\"@graph\":[{\"@type\":\"WebPage\",\"@id\":\"https:\\\/\\\/racines.uqam.ca\\\/en\\\/toi-moi-bebe\\\/\",\"url\":\"https:\\\/\\\/racines.uqam.ca\\\/en\\\/toi-moi-bebe\\\/\",\"name\":\"You, Me, Baby | Labo RACINES : R\u00e9silience et sAnt\u00e9 psyChologique \u00e0 la p\u00e9riode p\u00e9rInatale, \u00e0 l\u2019enfaNce et l\u2019adolEScence | UQAM\",\"isPartOf\":{\"@id\":\"https:\\\/\\\/racines.uqam.ca\\\/#website\"},\"primaryImageOfPage\":{\"@id\":\"https:\\\/\\\/racines.uqam.ca\\\/en\\\/toi-moi-bebe\\\/#primaryimage\"},\"image\":{\"@id\":\"https:\\\/\\\/racines.uqam.ca\\\/en\\\/toi-moi-bebe\\\/#primaryimage\"},\"thumbnailUrl\":\"https:\\\/\\\/racines.uqam.ca\\\/wp-content\\\/uploads\\\/sites\\\/111\\\/2024\\\/05\\\/Logo_TMB_Rond_vert_EN-160.png\",\"datePublished\":\"2023-11-26T16:19:13+00:00\",\"dateModified\":\"2026-04-02T12:09:30+00:00\",\"breadcrumb\":{\"@id\":\"https:\\\/\\\/racines.uqam.ca\\\/en\\\/toi-moi-bebe\\\/#breadcrumb\"},\"inLanguage\":\"en-US\",\"potentialAction\":[{\"@type\":\"ReadAction\",\"target\":[\"https:\\\/\\\/racines.uqam.ca\\\/en\\\/toi-moi-bebe\\\/\"]}]},{\"@type\":\"ImageObject\",\"inLanguage\":\"en-US\",\"@id\":\"https:\\\/\\\/racines.uqam.ca\\\/en\\\/toi-moi-bebe\\\/#primaryimage\",\"url\":\"https:\\\/\\\/racines.uqam.ca\\\/wp-content\\\/uploads\\\/sites\\\/111\\\/2024\\\/05\\\/Logo_TMB_Rond_vert_EN-160.png\",\"contentUrl\":\"https:\\\/\\\/racines.uqam.ca\\\/wp-content\\\/uploads\\\/sites\\\/111\\\/2024\\\/05\\\/Logo_TMB_Rond_vert_EN-160.png\"},{\"@type\":\"BreadcrumbList\",\"@id\":\"https:\\\/\\\/racines.uqam.ca\\\/en\\\/toi-moi-bebe\\\/#breadcrumb\",\"itemListElement\":[{\"@type\":\"ListItem\",\"position\":1,\"name\":\"UQAM\",\"item\":\"https:\\\/\\\/uqam.ca\"},{\"@type\":\"ListItem\",\"position\":2,\"name\":\"Labo RACINES\",\"item\":\"https:\\\/\\\/racines.uqam.ca\\\/en\\\/\"},{\"@type\":\"ListItem\",\"position\":3,\"name\":\"You, Me, Baby\"}]},{\"@type\":\"WebSite\",\"@id\":\"https:\\\/\\\/racines.uqam.ca\\\/#website\",\"url\":\"https:\\\/\\\/racines.uqam.ca\\\/\",\"name\":\"Labo RACINES : R\u00e9silience et sAnt\u00e9 psyChologique \u00e0 la p\u00e9riode p\u00e9rInatale, \u00e0 l\u2019enfaNce et l\u2019adolEScence\",\"description\":\"\",\"publisher\":{\"@id\":\"https:\\\/\\\/racines.uqam.ca\\\/#organization\"},\"potentialAction\":[{\"@type\":\"SearchAction\",\"target\":{\"@type\":\"EntryPoint\",\"urlTemplate\":\"https:\\\/\\\/racines.uqam.ca\\\/en\\\/\\\/recherche\\\/?q={search_term_string}\"},\"query-input\":{\"@type\":\"PropertyValueSpecification\",\"valueRequired\":true,\"valueName\":\"search_term_string\"}}],\"inLanguage\":\"en-US\",\"alternateName\":\"Labo RACINES\"},{\"@type\":\"Organization\",\"@id\":\"https:\\\/\\\/racines.uqam.ca\\\/#organization\",\"name\":\"Labo RACINES\",\"url\":\"https:\\\/\\\/racines.uqam.ca\\\/\",\"logo\":{\"@type\":\"ImageObject\",\"inLanguage\":\"en-US\",\"@id\":\"https:\\\/\\\/racines.uqam.ca\\\/#\\\/schema\\\/logo\\\/image\\\/\",\"url\":\"https:\\\/\\\/gabarit-adaptatif.uqam.ca\\\/statique\\\/images\\\/logo-uqam.jpg\",\"contentUrl\":\"\",\"caption\":\"Labo RACINES\"},\"image\":{\"@id\":\"https:\\\/\\\/racines.uqam.ca\\\/#\\\/schema\\\/logo\\\/image\\\/\"},\"alternateName\":\"Labo RACINES\",\"parentOrganization\":{\"@type\":\"EducationalOrganization\",\"@id\":\"https:\\\/\\\/uqam.ca\\\/#organization\",\"name\":\"Universit\u00e9 du Qu\u00e9bec \u00e0 Montr\u00e9al\",\"url\":\"https:\\\/\\\/uqam.ca\",\"alternateName\":\"UQAM\",\"logo\":\"https:\\\/\\\/gabarit-adaptatif.uqam.ca\\\/statique\\\/images\\\/logo-uqam.jpg\"}}]}<\/script>\n<!-- \/ Yoast SEO Premium plugin. -->","yoast_head_json":{"title":"You, Me, Baby | Labo RACINES : R\u00e9silience et sAnt\u00e9 psyChologique \u00e0 la p\u00e9riode p\u00e9rInatale, \u00e0 l\u2019enfaNce et l\u2019adolEScence | UQAM","robots":{"index":"index","follow":"follow","max-snippet":"max-snippet:-1","max-image-preview":"max-image-preview:large","max-video-preview":"max-video-preview:-1"},"canonical":"https:\/\/racines.uqam.ca\/en\/toi-moi-bebe\/","og_locale":"en_US","og_type":"article","og_title":"You, Me, Baby","og_description":"For more information:\u00a0https:\/\/toimoibebe.ca\/en\/ The You, Me, Baby course is an adaptation of the Mothers and Babies program. The intervention was developed by an American research team (R. Mu\u00f1oz, H.N. Le, A. Barrera and D. Tandon). The French adaptation and translation were carried out by a team at the CHU Sainte-Justine Azrieli Research Centre (M. St-Andr\u00e9, [&hellip;]","og_url":"https:\/\/racines.uqam.ca\/en\/toi-moi-bebe\/","og_site_name":"Labo RACINES : R\u00e9silience et sAnt\u00e9 psyChologique \u00e0 la p\u00e9riode p\u00e9rInatale, \u00e0 l\u2019enfaNce et l\u2019adolEScence","article_modified_time":"2026-04-02T12:09:30+00:00","og_image":[{"width":160,"height":160,"url":"https:\/\/racines.uqam.ca\/wp-content\/uploads\/sites\/111\/2024\/05\/Logo_TMB_Rond_vert_EN-160.png","type":"image\/png"}],"twitter_card":"summary_large_image","twitter_misc":{"Est. reading time":"1 minute"},"schema":{"@context":"https:\/\/schema.org","@graph":[{"@type":"WebPage","@id":"https:\/\/racines.uqam.ca\/en\/toi-moi-bebe\/","url":"https:\/\/racines.uqam.ca\/en\/toi-moi-bebe\/","name":"You, Me, Baby | Labo RACINES : R\u00e9silience et sAnt\u00e9 psyChologique \u00e0 la p\u00e9riode p\u00e9rInatale, \u00e0 l\u2019enfaNce et l\u2019adolEScence | UQAM","isPartOf":{"@id":"https:\/\/racines.uqam.ca\/#website"},"primaryImageOfPage":{"@id":"https:\/\/racines.uqam.ca\/en\/toi-moi-bebe\/#primaryimage"},"image":{"@id":"https:\/\/racines.uqam.ca\/en\/toi-moi-bebe\/#primaryimage"},"thumbnailUrl":"https:\/\/racines.uqam.ca\/wp-content\/uploads\/sites\/111\/2024\/05\/Logo_TMB_Rond_vert_EN-160.png","datePublished":"2023-11-26T16:19:13+00:00","dateModified":"2026-04-02T12:09:30+00:00","breadcrumb":{"@id":"https:\/\/racines.uqam.ca\/en\/toi-moi-bebe\/#breadcrumb"},"inLanguage":"en-US","potentialAction":[{"@type":"ReadAction","target":["https:\/\/racines.uqam.ca\/en\/toi-moi-bebe\/"]}]},{"@type":"ImageObject","inLanguage":"en-US","@id":"https:\/\/racines.uqam.ca\/en\/toi-moi-bebe\/#primaryimage","url":"https:\/\/racines.uqam.ca\/wp-content\/uploads\/sites\/111\/2024\/05\/Logo_TMB_Rond_vert_EN-160.png","contentUrl":"https:\/\/racines.uqam.ca\/wp-content\/uploads\/sites\/111\/2024\/05\/Logo_TMB_Rond_vert_EN-160.png"},{"@type":"BreadcrumbList","@id":"https:\/\/racines.uqam.ca\/en\/toi-moi-bebe\/#breadcrumb","itemListElement":[{"@type":"ListItem","position":1,"name":"UQAM","item":"https:\/\/uqam.ca"},{"@type":"ListItem","position":2,"name":"Labo RACINES","item":"https:\/\/racines.uqam.ca\/en\/"},{"@type":"ListItem","position":3,"name":"You, Me, Baby"}]},{"@type":"WebSite","@id":"https:\/\/racines.uqam.ca\/#website","url":"https:\/\/racines.uqam.ca\/","name":"Labo RACINES : R\u00e9silience et sAnt\u00e9 psyChologique \u00e0 la p\u00e9riode p\u00e9rInatale, \u00e0 l\u2019enfaNce et l\u2019adolEScence","description":"","publisher":{"@id":"https:\/\/racines.uqam.ca\/#organization"},"potentialAction":[{"@type":"SearchAction","target":{"@type":"EntryPoint","urlTemplate":"https:\/\/racines.uqam.ca\/en\/\/recherche\/?q={search_term_string}"},"query-input":{"@type":"PropertyValueSpecification","valueRequired":true,"valueName":"search_term_string"}}],"inLanguage":"en-US","alternateName":"Labo RACINES"},{"@type":"Organization","@id":"https:\/\/racines.uqam.ca\/#organization","name":"Labo RACINES","url":"https:\/\/racines.uqam.ca\/","logo":{"@type":"ImageObject","inLanguage":"en-US","@id":"https:\/\/racines.uqam.ca\/#\/schema\/logo\/image\/","url":"https:\/\/gabarit-adaptatif.uqam.ca\/statique\/images\/logo-uqam.jpg","contentUrl":"","caption":"Labo RACINES"},"image":{"@id":"https:\/\/racines.uqam.ca\/#\/schema\/logo\/image\/"},"alternateName":"Labo RACINES","parentOrganization":{"@type":"EducationalOrganization","@id":"https:\/\/uqam.ca\/#organization","name":"Universit\u00e9 du Qu\u00e9bec \u00e0 Montr\u00e9al","url":"https:\/\/uqam.ca","alternateName":"UQAM","logo":"https:\/\/gabarit-adaptatif.uqam.ca\/statique\/images\/logo-uqam.jpg"}}]}},"_links":{"self":[{"href":"https:\/\/racines.uqam.ca\/en\/wp-json\/wp\/v2\/pages\/688","targetHints":{"allow":["GET"]}}],"collection":[{"href":"https:\/\/racines.uqam.ca\/en\/wp-json\/wp\/v2\/pages"}],"about":[{"href":"https:\/\/racines.uqam.ca\/en\/wp-json\/wp\/v2\/types\/page"}],"author":[{"embeddable":true,"href":"https:\/\/racines.uqam.ca\/en\/wp-json\/wp\/v2\/users\/440"}],"replies":[{"embeddable":true,"href":"https:\/\/racines.uqam.ca\/en\/wp-json\/wp\/v2\/comments?post=688"}],"version-history":[{"count":4,"href":"https:\/\/racines.uqam.ca\/en\/wp-json\/wp\/v2\/pages\/688\/revisions"}],"predecessor-version":[{"id":1083,"href":"https:\/\/racines.uqam.ca\/en\/wp-json\/wp\/v2\/pages\/688\/revisions\/1083"}],"wp:attachment":[{"href":"https:\/\/racines.uqam.ca\/en\/wp-json\/wp\/v2\/media?parent=688"}],"wp:term":[{"taxonomy":"category","embeddable":true,"href":"https:\/\/racines.uqam.ca\/en\/wp-json\/wp\/v2\/categories?post=688"}],"curies":[{"name":"wp","href":"https:\/\/api.w.org\/{rel}","templated":true}]}}