{"id":700,"date":"2023-11-26T11:19:47","date_gmt":"2023-11-26T16:19:47","guid":{"rendered":"https:\/\/racines.uqam.ca\/etude-3d-decouvrir-developper-devenir\/"},"modified":"2026-04-02T08:10:30","modified_gmt":"2026-04-02T12:10:30","slug":"etude-3d-decouvrir-developper-devenir","status":"publish","type":"page","link":"https:\/\/racines.uqam.ca\/en\/etude-3d-decouvrir-developper-devenir\/","title":{"rendered":"3D Study &#8211; Design, Develop, Discover"},"content":{"rendered":"\n<p>For more information: <a href=\"https:\/\/www.irnpqeo.ca\/en\/about\/overview-of-the-3d-study\/\" target=\"_blank\" rel=\"noreferrer noopener\">https:\/\/www.irnpqeo.ca\/en\/about\/overview-of-the-3d-study\/<\/a><\/p>\n\n\n\n<p>The 3D study, conducted by the R\u00e9seau int\u00e9gr\u00e9 de recherche en p\u00e9rinatalit\u00e9 du Qu\u00e9bec et de l\u2019Est de l\u2019Ontario (IRNPQEO), seeks to better understand the effect of various exposure factors on the course of pregnancy, the health of the mother and father, and the development of the child. These exposure factors include lifestyle habits, heredity, diet, employment and family situation.\u00a0<\/p>\n\n\n\n<p>To achieve these objectives, the 3D study set up a cohort (mother-father-child) and followed it up until the children were two years old. Data and biological material (samples) are collected from this cohort to form a database and a bank of biological material (also known as a biobank).<\/p>\n\n\n\n<figure class=\"wp-block-image size-full is-resized\"><img loading=\"lazy\" decoding=\"async\" width=\"360\" height=\"203\" src=\"https:\/\/racines.uqam.ca\/wp-content\/uploads\/sites\/111\/2023\/11\/3d-2.png\" alt=\"\" class=\"wp-image-556\" style=\"width:296px;height:167px\" srcset=\"https:\/\/racines.uqam.ca\/wp-content\/uploads\/sites\/111\/2023\/11\/3d-2.png 360w, https:\/\/racines.uqam.ca\/wp-content\/uploads\/sites\/111\/2023\/11\/3d-2-300x169.png 300w\" sizes=\"auto, (max-width: 360px) 100vw, 360px\" \/><\/figure>\n","protected":false},"excerpt":{"rendered":"<p>For more information: https:\/\/www.irnpqeo.ca\/en\/about\/overview-of-the-3d-study\/ The 3D study, conducted by the R\u00e9seau int\u00e9gr\u00e9 de recherche en p\u00e9rinatalit\u00e9 du Qu\u00e9bec et de l\u2019Est de l\u2019Ontario (IRNPQEO), seeks to better understand the effect of various exposure factors on the course of pregnancy, the health of the mother and father, and the development of the child. These exposure factors [&hellip;]<\/p>\n","protected":false},"author":440,"featured_media":0,"parent":0,"menu_order":0,"comment_status":"closed","ping_status":"closed","template":"","meta":{"footnotes":""},"categories":[],"class_list":["post-700","page","type-page","status-publish","hentry"],"yoast_head":"<!-- This site is optimized with the Yoast SEO Premium plugin v27.4 (Yoast SEO v27.4) - https:\/\/yoast.com\/product\/yoast-seo-premium-wordpress\/ -->\n<title>3D Study - Design, Develop, Discover | Labo RACINES : R\u00e9silience et sAnt\u00e9 psyChologique \u00e0 la p\u00e9riode p\u00e9rInatale, \u00e0 l\u2019enfaNce et l\u2019adolEScence | UQAM<\/title>\n<meta name=\"robots\" content=\"index, follow, max-snippet:-1, max-image-preview:large, max-video-preview:-1\" \/>\n<link rel=\"canonical\" href=\"https:\/\/racines.uqam.ca\/en\/etude-3d-decouvrir-developper-devenir\/\" \/>\n<meta property=\"og:locale\" content=\"en_US\" \/>\n<meta property=\"og:type\" content=\"article\" \/>\n<meta property=\"og:title\" content=\"3D Study - Design, Develop, Discover\" \/>\n<meta property=\"og:description\" content=\"For more information: https:\/\/www.irnpqeo.ca\/en\/about\/overview-of-the-3d-study\/ The 3D study, conducted by the R\u00e9seau int\u00e9gr\u00e9 de recherche en p\u00e9rinatalit\u00e9 du Qu\u00e9bec et de l\u2019Est de l\u2019Ontario (IRNPQEO), seeks to better understand the effect of various exposure factors on the course of pregnancy, the health of the mother and father, and the development of the child. These exposure factors [&hellip;]\" \/>\n<meta property=\"og:url\" content=\"https:\/\/racines.uqam.ca\/en\/etude-3d-decouvrir-developper-devenir\/\" \/>\n<meta property=\"og:site_name\" content=\"Labo RACINES : R\u00e9silience et sAnt\u00e9 psyChologique \u00e0 la p\u00e9riode p\u00e9rInatale, \u00e0 l\u2019enfaNce et l\u2019adolEScence\" \/>\n<meta property=\"article:modified_time\" content=\"2026-04-02T12:10:30+00:00\" \/>\n<meta property=\"og:image\" content=\"https:\/\/racines.uqam.ca\/wp-content\/uploads\/sites\/111\/2023\/11\/3d-2.png\" \/>\n\t<meta property=\"og:image:width\" content=\"360\" \/>\n\t<meta property=\"og:image:height\" content=\"203\" \/>\n\t<meta property=\"og:image:type\" content=\"image\/png\" \/>\n<meta name=\"twitter:card\" content=\"summary_large_image\" \/>\n<meta name=\"twitter:label1\" content=\"Est. reading time\" \/>\n\t<meta name=\"twitter:data1\" content=\"1 minute\" \/>\n<script type=\"application\/ld+json\" class=\"yoast-schema-graph\">{\"@context\":\"https:\\\/\\\/schema.org\",\"@graph\":[{\"@type\":\"WebPage\",\"@id\":\"https:\\\/\\\/racines.uqam.ca\\\/en\\\/etude-3d-decouvrir-developper-devenir\\\/\",\"url\":\"https:\\\/\\\/racines.uqam.ca\\\/en\\\/etude-3d-decouvrir-developper-devenir\\\/\",\"name\":\"3D Study - Design, Develop, Discover | Labo RACINES : R\u00e9silience et sAnt\u00e9 psyChologique \u00e0 la p\u00e9riode p\u00e9rInatale, \u00e0 l\u2019enfaNce et l\u2019adolEScence | UQAM\",\"isPartOf\":{\"@id\":\"https:\\\/\\\/racines.uqam.ca\\\/#website\"},\"primaryImageOfPage\":{\"@id\":\"https:\\\/\\\/racines.uqam.ca\\\/en\\\/etude-3d-decouvrir-developper-devenir\\\/#primaryimage\"},\"image\":{\"@id\":\"https:\\\/\\\/racines.uqam.ca\\\/en\\\/etude-3d-decouvrir-developper-devenir\\\/#primaryimage\"},\"thumbnailUrl\":\"https:\\\/\\\/racines.uqam.ca\\\/wp-content\\\/uploads\\\/sites\\\/111\\\/2023\\\/11\\\/3d-2.png\",\"datePublished\":\"2023-11-26T16:19:47+00:00\",\"dateModified\":\"2026-04-02T12:10:30+00:00\",\"breadcrumb\":{\"@id\":\"https:\\\/\\\/racines.uqam.ca\\\/en\\\/etude-3d-decouvrir-developper-devenir\\\/#breadcrumb\"},\"inLanguage\":\"en-US\",\"potentialAction\":[{\"@type\":\"ReadAction\",\"target\":[\"https:\\\/\\\/racines.uqam.ca\\\/en\\\/etude-3d-decouvrir-developper-devenir\\\/\"]}]},{\"@type\":\"ImageObject\",\"inLanguage\":\"en-US\",\"@id\":\"https:\\\/\\\/racines.uqam.ca\\\/en\\\/etude-3d-decouvrir-developper-devenir\\\/#primaryimage\",\"url\":\"https:\\\/\\\/racines.uqam.ca\\\/wp-content\\\/uploads\\\/sites\\\/111\\\/2023\\\/11\\\/3d-2.png\",\"contentUrl\":\"https:\\\/\\\/racines.uqam.ca\\\/wp-content\\\/uploads\\\/sites\\\/111\\\/2023\\\/11\\\/3d-2.png\"},{\"@type\":\"BreadcrumbList\",\"@id\":\"https:\\\/\\\/racines.uqam.ca\\\/en\\\/etude-3d-decouvrir-developper-devenir\\\/#breadcrumb\",\"itemListElement\":[{\"@type\":\"ListItem\",\"position\":1,\"name\":\"UQAM\",\"item\":\"https:\\\/\\\/uqam.ca\"},{\"@type\":\"ListItem\",\"position\":2,\"name\":\"Labo RACINES\",\"item\":\"https:\\\/\\\/racines.uqam.ca\\\/en\\\/\"},{\"@type\":\"ListItem\",\"position\":3,\"name\":\"3D Study &#8211; Design, Develop, Discover\"}]},{\"@type\":\"WebSite\",\"@id\":\"https:\\\/\\\/racines.uqam.ca\\\/#website\",\"url\":\"https:\\\/\\\/racines.uqam.ca\\\/\",\"name\":\"Labo RACINES : R\u00e9silience et sAnt\u00e9 psyChologique \u00e0 la p\u00e9riode p\u00e9rInatale, \u00e0 l\u2019enfaNce et l\u2019adolEScence\",\"description\":\"\",\"publisher\":{\"@id\":\"https:\\\/\\\/racines.uqam.ca\\\/#organization\"},\"potentialAction\":[{\"@type\":\"SearchAction\",\"target\":{\"@type\":\"EntryPoint\",\"urlTemplate\":\"https:\\\/\\\/racines.uqam.ca\\\/en\\\/\\\/recherche\\\/?q={search_term_string}\"},\"query-input\":{\"@type\":\"PropertyValueSpecification\",\"valueRequired\":true,\"valueName\":\"search_term_string\"}}],\"inLanguage\":\"en-US\",\"alternateName\":\"Labo RACINES\"},{\"@type\":\"Organization\",\"@id\":\"https:\\\/\\\/racines.uqam.ca\\\/#organization\",\"name\":\"Labo RACINES\",\"url\":\"https:\\\/\\\/racines.uqam.ca\\\/\",\"logo\":{\"@type\":\"ImageObject\",\"inLanguage\":\"en-US\",\"@id\":\"https:\\\/\\\/racines.uqam.ca\\\/#\\\/schema\\\/logo\\\/image\\\/\",\"url\":\"https:\\\/\\\/gabarit-adaptatif.uqam.ca\\\/statique\\\/images\\\/logo-uqam.jpg\",\"contentUrl\":\"\",\"caption\":\"Labo RACINES\"},\"image\":{\"@id\":\"https:\\\/\\\/racines.uqam.ca\\\/#\\\/schema\\\/logo\\\/image\\\/\"},\"alternateName\":\"Labo RACINES\",\"parentOrganization\":{\"@type\":\"EducationalOrganization\",\"@id\":\"https:\\\/\\\/uqam.ca\\\/#organization\",\"name\":\"Universit\u00e9 du Qu\u00e9bec \u00e0 Montr\u00e9al\",\"url\":\"https:\\\/\\\/uqam.ca\",\"alternateName\":\"UQAM\",\"logo\":\"https:\\\/\\\/gabarit-adaptatif.uqam.ca\\\/statique\\\/images\\\/logo-uqam.jpg\"}}]}<\/script>\n<!-- \/ Yoast SEO Premium plugin. -->","yoast_head_json":{"title":"3D Study - Design, Develop, Discover | Labo RACINES : R\u00e9silience et sAnt\u00e9 psyChologique \u00e0 la p\u00e9riode p\u00e9rInatale, \u00e0 l\u2019enfaNce et l\u2019adolEScence | UQAM","robots":{"index":"index","follow":"follow","max-snippet":"max-snippet:-1","max-image-preview":"max-image-preview:large","max-video-preview":"max-video-preview:-1"},"canonical":"https:\/\/racines.uqam.ca\/en\/etude-3d-decouvrir-developper-devenir\/","og_locale":"en_US","og_type":"article","og_title":"3D Study - Design, Develop, Discover","og_description":"For more information: https:\/\/www.irnpqeo.ca\/en\/about\/overview-of-the-3d-study\/ The 3D study, conducted by the R\u00e9seau int\u00e9gr\u00e9 de recherche en p\u00e9rinatalit\u00e9 du Qu\u00e9bec et de l\u2019Est de l\u2019Ontario (IRNPQEO), seeks to better understand the effect of various exposure factors on the course of pregnancy, the health of the mother and father, and the development of the child. These exposure factors [&hellip;]","og_url":"https:\/\/racines.uqam.ca\/en\/etude-3d-decouvrir-developper-devenir\/","og_site_name":"Labo RACINES : R\u00e9silience et sAnt\u00e9 psyChologique \u00e0 la p\u00e9riode p\u00e9rInatale, \u00e0 l\u2019enfaNce et l\u2019adolEScence","article_modified_time":"2026-04-02T12:10:30+00:00","og_image":[{"width":360,"height":203,"url":"https:\/\/racines.uqam.ca\/wp-content\/uploads\/sites\/111\/2023\/11\/3d-2.png","type":"image\/png"}],"twitter_card":"summary_large_image","twitter_misc":{"Est. reading time":"1 minute"},"schema":{"@context":"https:\/\/schema.org","@graph":[{"@type":"WebPage","@id":"https:\/\/racines.uqam.ca\/en\/etude-3d-decouvrir-developper-devenir\/","url":"https:\/\/racines.uqam.ca\/en\/etude-3d-decouvrir-developper-devenir\/","name":"3D Study - Design, Develop, Discover | Labo RACINES : R\u00e9silience et sAnt\u00e9 psyChologique \u00e0 la p\u00e9riode p\u00e9rInatale, \u00e0 l\u2019enfaNce et l\u2019adolEScence | UQAM","isPartOf":{"@id":"https:\/\/racines.uqam.ca\/#website"},"primaryImageOfPage":{"@id":"https:\/\/racines.uqam.ca\/en\/etude-3d-decouvrir-developper-devenir\/#primaryimage"},"image":{"@id":"https:\/\/racines.uqam.ca\/en\/etude-3d-decouvrir-developper-devenir\/#primaryimage"},"thumbnailUrl":"https:\/\/racines.uqam.ca\/wp-content\/uploads\/sites\/111\/2023\/11\/3d-2.png","datePublished":"2023-11-26T16:19:47+00:00","dateModified":"2026-04-02T12:10:30+00:00","breadcrumb":{"@id":"https:\/\/racines.uqam.ca\/en\/etude-3d-decouvrir-developper-devenir\/#breadcrumb"},"inLanguage":"en-US","potentialAction":[{"@type":"ReadAction","target":["https:\/\/racines.uqam.ca\/en\/etude-3d-decouvrir-developper-devenir\/"]}]},{"@type":"ImageObject","inLanguage":"en-US","@id":"https:\/\/racines.uqam.ca\/en\/etude-3d-decouvrir-developper-devenir\/#primaryimage","url":"https:\/\/racines.uqam.ca\/wp-content\/uploads\/sites\/111\/2023\/11\/3d-2.png","contentUrl":"https:\/\/racines.uqam.ca\/wp-content\/uploads\/sites\/111\/2023\/11\/3d-2.png"},{"@type":"BreadcrumbList","@id":"https:\/\/racines.uqam.ca\/en\/etude-3d-decouvrir-developper-devenir\/#breadcrumb","itemListElement":[{"@type":"ListItem","position":1,"name":"UQAM","item":"https:\/\/uqam.ca"},{"@type":"ListItem","position":2,"name":"Labo RACINES","item":"https:\/\/racines.uqam.ca\/en\/"},{"@type":"ListItem","position":3,"name":"3D Study &#8211; Design, Develop, Discover"}]},{"@type":"WebSite","@id":"https:\/\/racines.uqam.ca\/#website","url":"https:\/\/racines.uqam.ca\/","name":"Labo RACINES : R\u00e9silience et sAnt\u00e9 psyChologique \u00e0 la p\u00e9riode p\u00e9rInatale, \u00e0 l\u2019enfaNce et l\u2019adolEScence","description":"","publisher":{"@id":"https:\/\/racines.uqam.ca\/#organization"},"potentialAction":[{"@type":"SearchAction","target":{"@type":"EntryPoint","urlTemplate":"https:\/\/racines.uqam.ca\/en\/\/recherche\/?q={search_term_string}"},"query-input":{"@type":"PropertyValueSpecification","valueRequired":true,"valueName":"search_term_string"}}],"inLanguage":"en-US","alternateName":"Labo RACINES"},{"@type":"Organization","@id":"https:\/\/racines.uqam.ca\/#organization","name":"Labo RACINES","url":"https:\/\/racines.uqam.ca\/","logo":{"@type":"ImageObject","inLanguage":"en-US","@id":"https:\/\/racines.uqam.ca\/#\/schema\/logo\/image\/","url":"https:\/\/gabarit-adaptatif.uqam.ca\/statique\/images\/logo-uqam.jpg","contentUrl":"","caption":"Labo RACINES"},"image":{"@id":"https:\/\/racines.uqam.ca\/#\/schema\/logo\/image\/"},"alternateName":"Labo RACINES","parentOrganization":{"@type":"EducationalOrganization","@id":"https:\/\/uqam.ca\/#organization","name":"Universit\u00e9 du Qu\u00e9bec \u00e0 Montr\u00e9al","url":"https:\/\/uqam.ca","alternateName":"UQAM","logo":"https:\/\/gabarit-adaptatif.uqam.ca\/statique\/images\/logo-uqam.jpg"}}]}},"_links":{"self":[{"href":"https:\/\/racines.uqam.ca\/en\/wp-json\/wp\/v2\/pages\/700","targetHints":{"allow":["GET"]}}],"collection":[{"href":"https:\/\/racines.uqam.ca\/en\/wp-json\/wp\/v2\/pages"}],"about":[{"href":"https:\/\/racines.uqam.ca\/en\/wp-json\/wp\/v2\/types\/page"}],"author":[{"embeddable":true,"href":"https:\/\/racines.uqam.ca\/en\/wp-json\/wp\/v2\/users\/440"}],"replies":[{"embeddable":true,"href":"https:\/\/racines.uqam.ca\/en\/wp-json\/wp\/v2\/comments?post=700"}],"version-history":[{"count":4,"href":"https:\/\/racines.uqam.ca\/en\/wp-json\/wp\/v2\/pages\/700\/revisions"}],"predecessor-version":[{"id":1084,"href":"https:\/\/racines.uqam.ca\/en\/wp-json\/wp\/v2\/pages\/700\/revisions\/1084"}],"wp:attachment":[{"href":"https:\/\/racines.uqam.ca\/en\/wp-json\/wp\/v2\/media?parent=700"}],"wp:term":[{"taxonomy":"category","embeddable":true,"href":"https:\/\/racines.uqam.ca\/en\/wp-json\/wp\/v2\/categories?post=700"}],"curies":[{"name":"wp","href":"https:\/\/api.w.org\/{rel}","templated":true}]}}