{"id":726,"date":"2023-11-16T09:39:10","date_gmt":"2023-11-16T14:39:10","guid":{"rendered":"https:\/\/racines.uqam.ca\/chapitres-de-livre\/"},"modified":"2024-05-01T17:28:45","modified_gmt":"2024-05-01T21:28:45","slug":"chapitres-de-livre","status":"publish","type":"page","link":"https:\/\/racines.uqam.ca\/en\/chapitres-de-livre\/","title":{"rendered":"Book chapters"},"content":{"rendered":"\n<ul class=\"wp-block-list\">\n<li><strong>Herba<\/strong>, C.M., &amp; Glover, V. (2021).&nbsp;The developmental effects of prenatal maternal stress: Evolutionary explanations. <em>Prenatal Stress and Child Development<\/em>. <a href=\"https:\/\/doi.org\/10.1007\/978-3-030-60159-1_3\" target=\"_blank\" rel=\"noreferrer noopener\">https:\/\/doi.org\/10.1007\/978-3-030-60159-1_3<\/a><\/li>\n<\/ul>\n\n\n\n<ul class=\"wp-block-list\">\n<li>Lupien, S.J., Ouellet-Morin, I.,&nbsp;<strong>Herba<\/strong>, C.M., Juster, R.-B., &amp; Mcewen, B.S. (2016).&nbsp;From vulnerability to neurotoxicity: A developmental approach to the effects of stress on the brain and behavior. <em>Epigenetics and Neuroendocrinology<\/em>.&nbsp;<a href=\"https:\/\/doi.org\/10.1007\/978-3-319-24493-8_1\" target=\"_blank\" rel=\"noreferrer noopener\">https:\/\/doi.org\/10.1007\/978-3-319-24493-8_1 <\/a><\/li>\n<\/ul>\n\n\n\n<ul class=\"wp-block-list\">\n<li><strong>Herba<\/strong>, C.M., Hodgins, S., Blackwood, N., Kumari, V., Naudts, K.H., &amp; Philips, M. (2006).&nbsp;<a href=\"https:\/\/www.researchgate.net\/publication\/225092604_The_neurobiology_of_psychopathy_A_focus_on_emotion_processing\" target=\"_blank\" rel=\"noreferrer noopener\">The neurobiology of psychopathy: A focus on emotion processing<\/a>.&nbsp;<em>Theory Research and Practice<\/em>.<\/li>\n<\/ul>\n","protected":false},"excerpt":{"rendered":"","protected":false},"author":9,"featured_media":0,"parent":0,"menu_order":0,"comment_status":"closed","ping_status":"closed","template":"","meta":{"footnotes":""},"categories":[],"class_list":["post-726","page","type-page","status-publish","hentry"],"yoast_head":"<!-- This site is optimized with the Yoast SEO Premium plugin v27.4 (Yoast SEO v27.4) - https:\/\/yoast.com\/product\/yoast-seo-premium-wordpress\/ -->\n<title>Book chapters | Labo RACINES : R\u00e9silience et sAnt\u00e9 psyChologique \u00e0 la p\u00e9riode p\u00e9rInatale, \u00e0 l\u2019enfaNce et l\u2019adolEScence | UQAM<\/title>\n<meta name=\"robots\" content=\"index, follow, max-snippet:-1, max-image-preview:large, max-video-preview:-1\" \/>\n<link rel=\"canonical\" href=\"https:\/\/racines.uqam.ca\/en\/chapitres-de-livre\/\" \/>\n<meta property=\"og:locale\" content=\"en_US\" \/>\n<meta property=\"og:type\" content=\"article\" \/>\n<meta property=\"og:title\" content=\"Book chapters\" \/>\n<meta property=\"og:url\" content=\"https:\/\/racines.uqam.ca\/en\/chapitres-de-livre\/\" \/>\n<meta property=\"og:site_name\" content=\"Labo RACINES : R\u00e9silience et sAnt\u00e9 psyChologique \u00e0 la p\u00e9riode p\u00e9rInatale, \u00e0 l\u2019enfaNce et l\u2019adolEScence\" \/>\n<meta property=\"article:modified_time\" content=\"2024-05-01T21:28:45+00:00\" \/>\n<meta name=\"twitter:card\" content=\"summary_large_image\" \/>\n<meta name=\"twitter:label1\" content=\"Est. reading time\" \/>\n\t<meta name=\"twitter:data1\" content=\"1 minute\" \/>\n<script type=\"application\/ld+json\" class=\"yoast-schema-graph\">{\"@context\":\"https:\\\/\\\/schema.org\",\"@graph\":[{\"@type\":\"WebPage\",\"@id\":\"https:\\\/\\\/racines.uqam.ca\\\/en\\\/chapitres-de-livre\\\/\",\"url\":\"https:\\\/\\\/racines.uqam.ca\\\/en\\\/chapitres-de-livre\\\/\",\"name\":\"Book chapters | Labo RACINES : R\u00e9silience et sAnt\u00e9 psyChologique \u00e0 la p\u00e9riode p\u00e9rInatale, \u00e0 l\u2019enfaNce et l\u2019adolEScence | UQAM\",\"isPartOf\":{\"@id\":\"https:\\\/\\\/racines.uqam.ca\\\/#website\"},\"datePublished\":\"2023-11-16T14:39:10+00:00\",\"dateModified\":\"2024-05-01T21:28:45+00:00\",\"breadcrumb\":{\"@id\":\"https:\\\/\\\/racines.uqam.ca\\\/en\\\/chapitres-de-livre\\\/#breadcrumb\"},\"inLanguage\":\"en-US\",\"potentialAction\":[{\"@type\":\"ReadAction\",\"target\":[\"https:\\\/\\\/racines.uqam.ca\\\/en\\\/chapitres-de-livre\\\/\"]}]},{\"@type\":\"BreadcrumbList\",\"@id\":\"https:\\\/\\\/racines.uqam.ca\\\/en\\\/chapitres-de-livre\\\/#breadcrumb\",\"itemListElement\":[{\"@type\":\"ListItem\",\"position\":1,\"name\":\"UQAM\",\"item\":\"https:\\\/\\\/uqam.ca\"},{\"@type\":\"ListItem\",\"position\":2,\"name\":\"Labo RACINES\",\"item\":\"https:\\\/\\\/racines.uqam.ca\\\/en\\\/\"},{\"@type\":\"ListItem\",\"position\":3,\"name\":\"Book chapters\"}]},{\"@type\":\"WebSite\",\"@id\":\"https:\\\/\\\/racines.uqam.ca\\\/#website\",\"url\":\"https:\\\/\\\/racines.uqam.ca\\\/\",\"name\":\"Labo RACINES : R\u00e9silience et sAnt\u00e9 psyChologique \u00e0 la p\u00e9riode p\u00e9rInatale, \u00e0 l\u2019enfaNce et l\u2019adolEScence\",\"description\":\"\",\"publisher\":{\"@id\":\"https:\\\/\\\/racines.uqam.ca\\\/#organization\"},\"potentialAction\":[{\"@type\":\"SearchAction\",\"target\":{\"@type\":\"EntryPoint\",\"urlTemplate\":\"https:\\\/\\\/racines.uqam.ca\\\/en\\\/\\\/recherche\\\/?q={search_term_string}\"},\"query-input\":{\"@type\":\"PropertyValueSpecification\",\"valueRequired\":true,\"valueName\":\"search_term_string\"}}],\"inLanguage\":\"en-US\",\"alternateName\":\"Labo RACINES\"},{\"@type\":\"Organization\",\"@id\":\"https:\\\/\\\/racines.uqam.ca\\\/#organization\",\"name\":\"Labo RACINES\",\"url\":\"https:\\\/\\\/racines.uqam.ca\\\/\",\"logo\":{\"@type\":\"ImageObject\",\"inLanguage\":\"en-US\",\"@id\":\"https:\\\/\\\/racines.uqam.ca\\\/#\\\/schema\\\/logo\\\/image\\\/\",\"url\":\"https:\\\/\\\/gabarit-adaptatif.uqam.ca\\\/statique\\\/images\\\/logo-uqam.jpg\",\"contentUrl\":\"\",\"caption\":\"Labo RACINES\"},\"image\":{\"@id\":\"https:\\\/\\\/racines.uqam.ca\\\/#\\\/schema\\\/logo\\\/image\\\/\"},\"alternateName\":\"Labo RACINES\",\"parentOrganization\":{\"@type\":\"EducationalOrganization\",\"@id\":\"https:\\\/\\\/uqam.ca\\\/#organization\",\"name\":\"Universit\u00e9 du Qu\u00e9bec \u00e0 Montr\u00e9al\",\"url\":\"https:\\\/\\\/uqam.ca\",\"alternateName\":\"UQAM\",\"logo\":\"https:\\\/\\\/gabarit-adaptatif.uqam.ca\\\/statique\\\/images\\\/logo-uqam.jpg\"}}]}<\/script>\n<!-- \/ Yoast SEO Premium plugin. -->","yoast_head_json":{"title":"Book chapters | Labo RACINES : R\u00e9silience et sAnt\u00e9 psyChologique \u00e0 la p\u00e9riode p\u00e9rInatale, \u00e0 l\u2019enfaNce et l\u2019adolEScence | UQAM","robots":{"index":"index","follow":"follow","max-snippet":"max-snippet:-1","max-image-preview":"max-image-preview:large","max-video-preview":"max-video-preview:-1"},"canonical":"https:\/\/racines.uqam.ca\/en\/chapitres-de-livre\/","og_locale":"en_US","og_type":"article","og_title":"Book chapters","og_url":"https:\/\/racines.uqam.ca\/en\/chapitres-de-livre\/","og_site_name":"Labo RACINES : R\u00e9silience et sAnt\u00e9 psyChologique \u00e0 la p\u00e9riode p\u00e9rInatale, \u00e0 l\u2019enfaNce et l\u2019adolEScence","article_modified_time":"2024-05-01T21:28:45+00:00","twitter_card":"summary_large_image","twitter_misc":{"Est. reading time":"1 minute"},"schema":{"@context":"https:\/\/schema.org","@graph":[{"@type":"WebPage","@id":"https:\/\/racines.uqam.ca\/en\/chapitres-de-livre\/","url":"https:\/\/racines.uqam.ca\/en\/chapitres-de-livre\/","name":"Book chapters | Labo RACINES : R\u00e9silience et sAnt\u00e9 psyChologique \u00e0 la p\u00e9riode p\u00e9rInatale, \u00e0 l\u2019enfaNce et l\u2019adolEScence | UQAM","isPartOf":{"@id":"https:\/\/racines.uqam.ca\/#website"},"datePublished":"2023-11-16T14:39:10+00:00","dateModified":"2024-05-01T21:28:45+00:00","breadcrumb":{"@id":"https:\/\/racines.uqam.ca\/en\/chapitres-de-livre\/#breadcrumb"},"inLanguage":"en-US","potentialAction":[{"@type":"ReadAction","target":["https:\/\/racines.uqam.ca\/en\/chapitres-de-livre\/"]}]},{"@type":"BreadcrumbList","@id":"https:\/\/racines.uqam.ca\/en\/chapitres-de-livre\/#breadcrumb","itemListElement":[{"@type":"ListItem","position":1,"name":"UQAM","item":"https:\/\/uqam.ca"},{"@type":"ListItem","position":2,"name":"Labo RACINES","item":"https:\/\/racines.uqam.ca\/en\/"},{"@type":"ListItem","position":3,"name":"Book chapters"}]},{"@type":"WebSite","@id":"https:\/\/racines.uqam.ca\/#website","url":"https:\/\/racines.uqam.ca\/","name":"Labo RACINES : R\u00e9silience et sAnt\u00e9 psyChologique \u00e0 la p\u00e9riode p\u00e9rInatale, \u00e0 l\u2019enfaNce et l\u2019adolEScence","description":"","publisher":{"@id":"https:\/\/racines.uqam.ca\/#organization"},"potentialAction":[{"@type":"SearchAction","target":{"@type":"EntryPoint","urlTemplate":"https:\/\/racines.uqam.ca\/en\/\/recherche\/?q={search_term_string}"},"query-input":{"@type":"PropertyValueSpecification","valueRequired":true,"valueName":"search_term_string"}}],"inLanguage":"en-US","alternateName":"Labo RACINES"},{"@type":"Organization","@id":"https:\/\/racines.uqam.ca\/#organization","name":"Labo RACINES","url":"https:\/\/racines.uqam.ca\/","logo":{"@type":"ImageObject","inLanguage":"en-US","@id":"https:\/\/racines.uqam.ca\/#\/schema\/logo\/image\/","url":"https:\/\/gabarit-adaptatif.uqam.ca\/statique\/images\/logo-uqam.jpg","contentUrl":"","caption":"Labo RACINES"},"image":{"@id":"https:\/\/racines.uqam.ca\/#\/schema\/logo\/image\/"},"alternateName":"Labo RACINES","parentOrganization":{"@type":"EducationalOrganization","@id":"https:\/\/uqam.ca\/#organization","name":"Universit\u00e9 du Qu\u00e9bec \u00e0 Montr\u00e9al","url":"https:\/\/uqam.ca","alternateName":"UQAM","logo":"https:\/\/gabarit-adaptatif.uqam.ca\/statique\/images\/logo-uqam.jpg"}}]}},"_links":{"self":[{"href":"https:\/\/racines.uqam.ca\/en\/wp-json\/wp\/v2\/pages\/726","targetHints":{"allow":["GET"]}}],"collection":[{"href":"https:\/\/racines.uqam.ca\/en\/wp-json\/wp\/v2\/pages"}],"about":[{"href":"https:\/\/racines.uqam.ca\/en\/wp-json\/wp\/v2\/types\/page"}],"author":[{"embeddable":true,"href":"https:\/\/racines.uqam.ca\/en\/wp-json\/wp\/v2\/users\/9"}],"replies":[{"embeddable":true,"href":"https:\/\/racines.uqam.ca\/en\/wp-json\/wp\/v2\/comments?post=726"}],"version-history":[{"count":2,"href":"https:\/\/racines.uqam.ca\/en\/wp-json\/wp\/v2\/pages\/726\/revisions"}],"predecessor-version":[{"id":730,"href":"https:\/\/racines.uqam.ca\/en\/wp-json\/wp\/v2\/pages\/726\/revisions\/730"}],"wp:attachment":[{"href":"https:\/\/racines.uqam.ca\/en\/wp-json\/wp\/v2\/media?parent=726"}],"wp:term":[{"taxonomy":"category","embeddable":true,"href":"https:\/\/racines.uqam.ca\/en\/wp-json\/wp\/v2\/categories?post=726"}],"curies":[{"name":"wp","href":"https:\/\/api.w.org\/{rel}","templated":true}]}}