{"id":732,"date":"2023-11-16T09:39:25","date_gmt":"2023-11-16T14:39:25","guid":{"rendered":"https:\/\/racines.uqam.ca\/conferences-et-colloques\/"},"modified":"2025-10-09T20:47:25","modified_gmt":"2025-10-10T00:47:25","slug":"conferences-et-colloques","status":"publish","type":"page","link":"https:\/\/racines.uqam.ca\/en\/conferences-et-colloques\/","title":{"rendered":"Conferences"},"content":{"rendered":"\n<p><strong>Oral communications<\/strong> (national and international scope)<\/p>\n\n\n\n<ul class=\"wp-block-list\">\n<li><strong>L\u00e9ger-Goodes<\/strong>, T.,&nbsp;<strong>Herba<\/strong>, C.M., Smith, J., \u00c9thier, M.-A., Lefran\u00e7ois, D., &amp; Malboeuf-Hurtubise, C. (June 21, 2025).&nbsp;Eco-anxiety in elementary school students: Results from a randomized cluster trial evaluating the impact of an existential creative arts intervention.&nbsp;<em>Society for Human Ecology International Conference<\/em>, Mons, Belgium.<\/li>\n\n\n\n<li><strong>S\u00e9guin<\/strong>, K.,\u00a0<strong>Brun<\/strong>, A., El houda Belmabrouk, N., &amp;\u00a0<strong>Herba<\/strong>, C.M. (June 12, 2025). Maternal mental health during the perinatal period [symposium].\u00a0<em>Canadian Psychological Association<\/em>, St. John\u2019s, Newfoundland.<\/li>\n\n\n\n<li><strong>Rochelet<\/strong>, \u00c9., Szekely, E. &amp;&nbsp;<strong>Herba<\/strong>, C.M. (May 13, 2025). Women\u2019s perception of healthcare access and helpfulness of psychiatric services in a pandemic and post-pandemic context: Results from a perinatal clinical sample.&nbsp;<em>Canadian National Perinatal Research Meeting<\/em>. Montreal, Quebec.<\/li>\n\n\n\n<li><strong>L\u00e9ger-Goodes<\/strong>, T.,&nbsp;<strong>Herba<\/strong>, C.M., Smith, J., \u00c9thier, M.-A., Lefran\u00e7ois, D. &amp; Malboeuf-Hurtubise, C. (February 5, 2025, online). Using creative arts and philosophical inquiry to address climate change emotions with elementary school students: A descriptive qualitative design.&nbsp;<em>Mental Health and Climate Change Alliance<\/em>.<\/li>\n\n\n\n<li><strong>Gingras<\/strong>, M.-P.,&nbsp;Brendgen, M., C\u00f4t\u00e9, S., S\u00e9guin, J., Beauchamp, M., &amp;&nbsp;<strong>Herba<\/strong>, C.M.&nbsp;(May 31, 2024). Adolescents and social media use: Longitudinal links between motivations for using social media and well-being.&nbsp;<em>Life History Research Society Conference.<\/em>&nbsp;Montreal, Quebec.&nbsp;<\/li>\n\n\n\n<li><strong>Herba<\/strong>, C.M.,&nbsp;<strong>Chaput-Langlois<\/strong>, S.,&nbsp;<strong>Gingras<\/strong>, M.P.,&nbsp;Lipp\u00e9, S.,&nbsp;<strong>S\u00e9guin<\/strong>, K.,&nbsp;<strong>Giac<\/strong>, R., Brun, A., Richard, C., Vaillancourt, C.,&nbsp;Booij, L. (May 31, 2024).&nbsp;Maternal&nbsp;prenatal symptoms in the context of the COVID-19 pandemic: Clarifying patterns of symptoms type across pregnancy using a person-centered approach.&nbsp;<em>Life History Research Society Conference.<\/em>&nbsp;Montreal,&nbsp;Quebec.&nbsp;<\/li>\n\n\n\n<li><strong>L\u00e9ger-Goodes<\/strong>, T.,&nbsp;<strong>Herba<\/strong>, C.M., Moula, Z., Mendrek, A., Hurtubise, K., Pich\u00e9, J., Gilbert, M., Bernier, M., Simons, K., B\u00e9langer, N., Smith, J., Malboeuf-Hurtubise, C. (May 10, 2024). Faisabilit\u00e9, acceptabilit\u00e9 et avantages per\u00e7us d\u2019une intervention artistique pour les enfants du primaire souffrant de troubles de la parole, du langage et de la communication [symposium].&nbsp;<em>Colloque international en \u00e9ducation<\/em>. Montreal, Quebec.&nbsp;&nbsp;<\/li>\n<\/ul>\n\n\n\n<div style=\"height:33px\" aria-hidden=\"true\" class=\"wp-block-spacer\"><\/div>\n\n\n\n<p><strong>Poster communications<\/strong> (national and international scope)<\/p>\n\n\n\n<ul class=\"wp-block-list\">\n<li><strong>Brun<\/strong>, A., Chaput-Langlois, S., Booij, L., Carignan, M.,&nbsp;<strong>S\u00e9guin<\/strong>, K.,&nbsp;<strong>Giac<\/strong>, R., Vaillancourt, C., Lipp\u00e9, S., &amp;&nbsp;<strong>Herba<\/strong>, C.M. (August 3, 2025).&nbsp;The role of perceived maternal stress at 3 months postnatal in the relationship between prenatal partner support and the mother&#8217;s parental self-efficacy at 12 months postpartum.&nbsp;<em>International Association for Relationship Research<\/em>, Uxbridge, United Kingdom.<\/li>\n\n\n\n<li><strong>Zerroug<\/strong>, Y, Marin, M.-F., Brendgen, M., Beauchamp, M., S\u00e9guin, J., C\u00f4t\u00e9, S., &amp;&nbsp;<strong>Herba<\/strong>, C.M. (April 26, 2025).&nbsp;Sex differences in the relationship between hair glucocorticoids and internalizing symptoms amoung adolescents.&nbsp;<em>Society of Biological Psychiatry Annual Meeting<\/em>, Toronto, Ontario.<\/li>\n\n\n\n<li><strong>Rochelet<\/strong>, \u00c9., Szekely, &amp;&nbsp;<strong>Herba<\/strong>, C.M. (May 29, 2024).&nbsp;Perinatal mental healthcare satisfaction among women using psychiatric services in a pandemic and post-pandemic.&nbsp;<em>Life History Research Society Conference<\/em>. Montreal, Quebec.&nbsp;<\/li>\n\n\n\n<li><strong>Brun<\/strong>, A.,&nbsp;Ruchat, S.M.,&nbsp;<strong>S\u00e9guin<\/strong>, K., Booij, L.,&nbsp;Lipp\u00e9, S., Vaillancourt, C.,&nbsp;<strong>Herba<\/strong>, C.M et al.&nbsp;(May 29, 2024). Walking in the 3rd trimester and maternal stress at 3 months postnatal, during the COVID-19 pandemic.&nbsp;<em>Life History Research Society Conference.<\/em>&nbsp;Montreal, Quebec.&nbsp;<\/li>\n\n\n\n<li><strong>S\u00e9guin<\/strong>, K.,\u00a0<strong>Gingras<\/strong>, M.-P.,\u00a0<strong>Giac<\/strong>, R., Booij, L.,\u00a0Lipp\u00e9, S., Vaillancourt, C., &amp;\u00a0<strong>Herba<\/strong>, C.M. (May 24, 2024). Maternal prenatal symptoms and parental self-efficacy: The role of maternal sleep quality at 3 months postpartum.\u00a0<em>Association for Psychological Science<\/em>, San Francisco, California.\u00a0<\/li>\n<\/ul>\n","protected":false},"excerpt":{"rendered":"<p>Oral communications (national and international scope) Poster communications (national and international scope)<\/p>\n","protected":false},"author":9,"featured_media":0,"parent":0,"menu_order":0,"comment_status":"closed","ping_status":"closed","template":"","meta":{"footnotes":""},"categories":[],"class_list":["post-732","page","type-page","status-publish","hentry"],"yoast_head":"<!-- This site is optimized with the Yoast SEO Premium plugin v27.4 (Yoast SEO v27.4) - https:\/\/yoast.com\/product\/yoast-seo-premium-wordpress\/ -->\n<title>Conferences | Labo RACINES : R\u00e9silience et sAnt\u00e9 psyChologique \u00e0 la p\u00e9riode p\u00e9rInatale, \u00e0 l\u2019enfaNce et l\u2019adolEScence | UQAM<\/title>\n<meta name=\"robots\" content=\"index, follow, max-snippet:-1, max-image-preview:large, max-video-preview:-1\" \/>\n<link rel=\"canonical\" href=\"https:\/\/racines.uqam.ca\/en\/conferences-et-colloques\/\" \/>\n<meta property=\"og:locale\" content=\"en_US\" \/>\n<meta property=\"og:type\" content=\"article\" \/>\n<meta property=\"og:title\" content=\"Conferences\" \/>\n<meta property=\"og:description\" content=\"Oral communications (national and international scope) Poster communications (national and international scope)\" \/>\n<meta property=\"og:url\" content=\"https:\/\/racines.uqam.ca\/en\/conferences-et-colloques\/\" \/>\n<meta property=\"og:site_name\" content=\"Labo RACINES : R\u00e9silience et sAnt\u00e9 psyChologique \u00e0 la p\u00e9riode p\u00e9rInatale, \u00e0 l\u2019enfaNce et l\u2019adolEScence\" \/>\n<meta property=\"article:modified_time\" content=\"2025-10-10T00:47:25+00:00\" \/>\n<meta name=\"twitter:card\" content=\"summary_large_image\" \/>\n<meta name=\"twitter:label1\" content=\"Est. reading time\" \/>\n\t<meta name=\"twitter:data1\" content=\"3 minutes\" \/>\n<script type=\"application\/ld+json\" class=\"yoast-schema-graph\">{\"@context\":\"https:\\\/\\\/schema.org\",\"@graph\":[{\"@type\":\"WebPage\",\"@id\":\"https:\\\/\\\/racines.uqam.ca\\\/en\\\/conferences-et-colloques\\\/\",\"url\":\"https:\\\/\\\/racines.uqam.ca\\\/en\\\/conferences-et-colloques\\\/\",\"name\":\"Conferences | Labo RACINES : R\u00e9silience et sAnt\u00e9 psyChologique \u00e0 la p\u00e9riode p\u00e9rInatale, \u00e0 l\u2019enfaNce et l\u2019adolEScence | UQAM\",\"isPartOf\":{\"@id\":\"https:\\\/\\\/racines.uqam.ca\\\/#website\"},\"datePublished\":\"2023-11-16T14:39:25+00:00\",\"dateModified\":\"2025-10-10T00:47:25+00:00\",\"breadcrumb\":{\"@id\":\"https:\\\/\\\/racines.uqam.ca\\\/en\\\/conferences-et-colloques\\\/#breadcrumb\"},\"inLanguage\":\"en-US\",\"potentialAction\":[{\"@type\":\"ReadAction\",\"target\":[\"https:\\\/\\\/racines.uqam.ca\\\/en\\\/conferences-et-colloques\\\/\"]}]},{\"@type\":\"BreadcrumbList\",\"@id\":\"https:\\\/\\\/racines.uqam.ca\\\/en\\\/conferences-et-colloques\\\/#breadcrumb\",\"itemListElement\":[{\"@type\":\"ListItem\",\"position\":1,\"name\":\"UQAM\",\"item\":\"https:\\\/\\\/uqam.ca\"},{\"@type\":\"ListItem\",\"position\":2,\"name\":\"Labo RACINES\",\"item\":\"https:\\\/\\\/racines.uqam.ca\\\/en\\\/\"},{\"@type\":\"ListItem\",\"position\":3,\"name\":\"Conferences\"}]},{\"@type\":\"WebSite\",\"@id\":\"https:\\\/\\\/racines.uqam.ca\\\/#website\",\"url\":\"https:\\\/\\\/racines.uqam.ca\\\/\",\"name\":\"Labo RACINES : R\u00e9silience et sAnt\u00e9 psyChologique \u00e0 la p\u00e9riode p\u00e9rInatale, \u00e0 l\u2019enfaNce et l\u2019adolEScence\",\"description\":\"\",\"publisher\":{\"@id\":\"https:\\\/\\\/racines.uqam.ca\\\/#organization\"},\"potentialAction\":[{\"@type\":\"SearchAction\",\"target\":{\"@type\":\"EntryPoint\",\"urlTemplate\":\"https:\\\/\\\/racines.uqam.ca\\\/en\\\/\\\/recherche\\\/?q={search_term_string}\"},\"query-input\":{\"@type\":\"PropertyValueSpecification\",\"valueRequired\":true,\"valueName\":\"search_term_string\"}}],\"inLanguage\":\"en-US\",\"alternateName\":\"Labo RACINES\"},{\"@type\":\"Organization\",\"@id\":\"https:\\\/\\\/racines.uqam.ca\\\/#organization\",\"name\":\"Labo RACINES\",\"url\":\"https:\\\/\\\/racines.uqam.ca\\\/\",\"logo\":{\"@type\":\"ImageObject\",\"inLanguage\":\"en-US\",\"@id\":\"https:\\\/\\\/racines.uqam.ca\\\/#\\\/schema\\\/logo\\\/image\\\/\",\"url\":\"https:\\\/\\\/gabarit-adaptatif.uqam.ca\\\/statique\\\/images\\\/logo-uqam.jpg\",\"contentUrl\":\"\",\"caption\":\"Labo RACINES\"},\"image\":{\"@id\":\"https:\\\/\\\/racines.uqam.ca\\\/#\\\/schema\\\/logo\\\/image\\\/\"},\"alternateName\":\"Labo RACINES\",\"parentOrganization\":{\"@type\":\"EducationalOrganization\",\"@id\":\"https:\\\/\\\/uqam.ca\\\/#organization\",\"name\":\"Universit\u00e9 du Qu\u00e9bec \u00e0 Montr\u00e9al\",\"url\":\"https:\\\/\\\/uqam.ca\",\"alternateName\":\"UQAM\",\"logo\":\"https:\\\/\\\/gabarit-adaptatif.uqam.ca\\\/statique\\\/images\\\/logo-uqam.jpg\"}}]}<\/script>\n<!-- \/ Yoast SEO Premium plugin. -->","yoast_head_json":{"title":"Conferences | Labo RACINES : R\u00e9silience et sAnt\u00e9 psyChologique \u00e0 la p\u00e9riode p\u00e9rInatale, \u00e0 l\u2019enfaNce et l\u2019adolEScence | UQAM","robots":{"index":"index","follow":"follow","max-snippet":"max-snippet:-1","max-image-preview":"max-image-preview:large","max-video-preview":"max-video-preview:-1"},"canonical":"https:\/\/racines.uqam.ca\/en\/conferences-et-colloques\/","og_locale":"en_US","og_type":"article","og_title":"Conferences","og_description":"Oral communications (national and international scope) Poster communications (national and international scope)","og_url":"https:\/\/racines.uqam.ca\/en\/conferences-et-colloques\/","og_site_name":"Labo RACINES : R\u00e9silience et sAnt\u00e9 psyChologique \u00e0 la p\u00e9riode p\u00e9rInatale, \u00e0 l\u2019enfaNce et l\u2019adolEScence","article_modified_time":"2025-10-10T00:47:25+00:00","twitter_card":"summary_large_image","twitter_misc":{"Est. reading time":"3 minutes"},"schema":{"@context":"https:\/\/schema.org","@graph":[{"@type":"WebPage","@id":"https:\/\/racines.uqam.ca\/en\/conferences-et-colloques\/","url":"https:\/\/racines.uqam.ca\/en\/conferences-et-colloques\/","name":"Conferences | Labo RACINES : R\u00e9silience et sAnt\u00e9 psyChologique \u00e0 la p\u00e9riode p\u00e9rInatale, \u00e0 l\u2019enfaNce et l\u2019adolEScence | UQAM","isPartOf":{"@id":"https:\/\/racines.uqam.ca\/#website"},"datePublished":"2023-11-16T14:39:25+00:00","dateModified":"2025-10-10T00:47:25+00:00","breadcrumb":{"@id":"https:\/\/racines.uqam.ca\/en\/conferences-et-colloques\/#breadcrumb"},"inLanguage":"en-US","potentialAction":[{"@type":"ReadAction","target":["https:\/\/racines.uqam.ca\/en\/conferences-et-colloques\/"]}]},{"@type":"BreadcrumbList","@id":"https:\/\/racines.uqam.ca\/en\/conferences-et-colloques\/#breadcrumb","itemListElement":[{"@type":"ListItem","position":1,"name":"UQAM","item":"https:\/\/uqam.ca"},{"@type":"ListItem","position":2,"name":"Labo RACINES","item":"https:\/\/racines.uqam.ca\/en\/"},{"@type":"ListItem","position":3,"name":"Conferences"}]},{"@type":"WebSite","@id":"https:\/\/racines.uqam.ca\/#website","url":"https:\/\/racines.uqam.ca\/","name":"Labo RACINES : R\u00e9silience et sAnt\u00e9 psyChologique \u00e0 la p\u00e9riode p\u00e9rInatale, \u00e0 l\u2019enfaNce et l\u2019adolEScence","description":"","publisher":{"@id":"https:\/\/racines.uqam.ca\/#organization"},"potentialAction":[{"@type":"SearchAction","target":{"@type":"EntryPoint","urlTemplate":"https:\/\/racines.uqam.ca\/en\/\/recherche\/?q={search_term_string}"},"query-input":{"@type":"PropertyValueSpecification","valueRequired":true,"valueName":"search_term_string"}}],"inLanguage":"en-US","alternateName":"Labo RACINES"},{"@type":"Organization","@id":"https:\/\/racines.uqam.ca\/#organization","name":"Labo RACINES","url":"https:\/\/racines.uqam.ca\/","logo":{"@type":"ImageObject","inLanguage":"en-US","@id":"https:\/\/racines.uqam.ca\/#\/schema\/logo\/image\/","url":"https:\/\/gabarit-adaptatif.uqam.ca\/statique\/images\/logo-uqam.jpg","contentUrl":"","caption":"Labo RACINES"},"image":{"@id":"https:\/\/racines.uqam.ca\/#\/schema\/logo\/image\/"},"alternateName":"Labo RACINES","parentOrganization":{"@type":"EducationalOrganization","@id":"https:\/\/uqam.ca\/#organization","name":"Universit\u00e9 du Qu\u00e9bec \u00e0 Montr\u00e9al","url":"https:\/\/uqam.ca","alternateName":"UQAM","logo":"https:\/\/gabarit-adaptatif.uqam.ca\/statique\/images\/logo-uqam.jpg"}}]}},"_links":{"self":[{"href":"https:\/\/racines.uqam.ca\/en\/wp-json\/wp\/v2\/pages\/732","targetHints":{"allow":["GET"]}}],"collection":[{"href":"https:\/\/racines.uqam.ca\/en\/wp-json\/wp\/v2\/pages"}],"about":[{"href":"https:\/\/racines.uqam.ca\/en\/wp-json\/wp\/v2\/types\/page"}],"author":[{"embeddable":true,"href":"https:\/\/racines.uqam.ca\/en\/wp-json\/wp\/v2\/users\/9"}],"replies":[{"embeddable":true,"href":"https:\/\/racines.uqam.ca\/en\/wp-json\/wp\/v2\/comments?post=732"}],"version-history":[{"count":9,"href":"https:\/\/racines.uqam.ca\/en\/wp-json\/wp\/v2\/pages\/732\/revisions"}],"predecessor-version":[{"id":1024,"href":"https:\/\/racines.uqam.ca\/en\/wp-json\/wp\/v2\/pages\/732\/revisions\/1024"}],"wp:attachment":[{"href":"https:\/\/racines.uqam.ca\/en\/wp-json\/wp\/v2\/media?parent=732"}],"wp:term":[{"taxonomy":"category","embeddable":true,"href":"https:\/\/racines.uqam.ca\/en\/wp-json\/wp\/v2\/categories?post=732"}],"curies":[{"name":"wp","href":"https:\/\/api.w.org\/{rel}","templated":true}]}}